{"id":2337,"date":"2025-10-21T10:47:43","date_gmt":"2025-10-21T10:47:43","guid":{"rendered":"https:\/\/www.lacavedeslecteurs.com\/?page_id=2337"},"modified":"2026-03-10T10:16:02","modified_gmt":"2026-03-10T10:16:02","slug":"livraison","status":"publish","type":"page","link":"https:\/\/www.lacavedeslecteurs.com\/index.php\/livraison\/","title":{"rendered":"Livraison"},"content":{"rendered":"\t\t<div data-elementor-type=\"wp-page\" data-elementor-id=\"2337\" class=\"elementor elementor-2337\" data-elementor-post-type=\"page\">\n\t\t\t\t<div class=\"elementor-element elementor-element-64df25c e-flex e-con-boxed e-con e-parent\" data-id=\"64df25c\" data-element_type=\"container\" data-e-type=\"container\">\n\t\t\t\t\t<div class=\"e-con-inner\">\n\t\t\t\t<div class=\"elementor-element elementor-element-3adf16c elementor-widget elementor-widget-text-editor\" data-id=\"3adf16c\" data-element_type=\"widget\" data-e-type=\"widget\" data-widget_type=\"text-editor.default\">\n\t\t\t\t\t\t\t\t\t<p>Livraison<\/p>\t\t\t\t\t\t\t\t<\/div>\n\t\t\t\t\t<\/div>\n\t\t\t\t<\/div>\n\t\t<div class=\"elementor-element elementor-element-065a9bb e-flex e-con-boxed e-con e-parent\" data-id=\"065a9bb\" data-element_type=\"container\" data-e-type=\"container\">\n\t\t\t\t\t<div class=\"e-con-inner\">\n\t\t\t\t<div class=\"elementor-element elementor-element-5d0a9e1 elementor-widget elementor-widget-text-editor\" data-id=\"5d0a9e1\" data-element_type=\"widget\" data-e-type=\"widget\" data-widget_type=\"text-editor.default\">\n\t\t\t\t\t\t\t\t\t<p>UN SERVICE LOGISTIQUE DE QUALIT\u00c9 POUR UNE LIVRAISON IRR\u00c9PROCHABLE<\/p>\t\t\t\t\t\t\t\t<\/div>\n\t\t\t\t<div class=\"elementor-element elementor-element-1d8db1f elementor-widget elementor-widget-text-editor\" data-id=\"1d8db1f\" data-element_type=\"widget\" data-e-type=\"widget\" data-widget_type=\"text-editor.default\">\n\t\t\t\t\t\t\t\t\t<p><span style=\"font-weight: 400;\">Notre Partenaire Vins + Vins\u00a0 met un point d\u2019honneur \u00e0 garantir \u00e0 ses clients le meilleur service logistique pour la conservation des vins et leur livraison. \u00c0 la diff\u00e9rence de ses concurrents, notre Partenaire propose \u00e0 la vente des vins disponibles dans ses stocks, en provenance directe des ch\u00e2teaux.<\/span><\/p><p><strong>Frais de Port :<\/strong><\/p><ul type=\"disc\"><li>1-35 bouteilles \u00e0 9,99 euros TTC,<\/li><\/ul><p>Livraison offerte en France M\u00e9tropolitaine d\u00e8s 36 bouteilles command\u00e9es ou 300\u20ac d&rsquo;achat.<\/p><p>Si vous souhaitez une prestation sp\u00e9ciale pour votre livraison (en cave, \u00e0 l\u2019\u00e9tage, en sous-sol, en main propre ou rdv \u00e0 heure fixe), veuillez nous contacter pour un devis sur mesure.<\/p><p>Pour toute livraison en Corse et \u00e0 l\u2019\u00e9tranger, veuillez nous contacter pour connaitre vos frais de port.<\/p><p><strong>Livraison :\u00a0<\/strong><\/p><p>Votre commande peut \u00eatre livr\u00e9e partout en France M\u00e9tropolitaine.<\/p><ul type=\"disc\"><li>Merci de renseigner toutes les informations utiles \u00e0 la livraison dans les champs pr\u00e9vus \u00e0 cet effet, notamment un jour de livraison de pr\u00e9f\u00e9rence si vous avez un.<\/li><li>\u00c9galement merci d\u2019indiquer toutes informations compl\u00e9mentaires pour faciliter la livraison (pr\u00e9sence d\u2019un concierge, livrer un commerce ouvert \u00e0 proximit\u00e9 si vous n\u2019\u00eates jamais chez vous)<\/li><\/ul><p>Pour la France M\u00e9tropolitaine, vous recevrez votre commande\u00a0<strong>sous<\/strong>\u00a0<strong>10<\/strong>\u00a0<strong>jours ouvr\u00e9s \u00e0 compter de la r\u00e9ception de votre paiement<\/strong><\/p><p><strong>Avant de signer le bon de livraison pr\u00e9sent\u00e9 par le transporteur, prenez le temps de :<\/strong><\/p><ul type=\"disc\"><li>Contr\u00f4ler les documents de transports afin de vous assurer que les marchandises que l\u2019on vous pr\u00e9sente vous sont bien destin\u00e9es.<\/li><li>V\u00e9rifier l\u2019\u00e9tat des caisses\/cartons.<\/li><li>V\u00e9rifier que les bandes de garantie adh\u00e9sives sont d\u2019origine et intactes.<\/li><li>V\u00e9rifier si le nombre et les marques des colis correspondent aux indications figurant sur le bon de livraison.<\/li><\/ul>\t\t\t\t\t\t\t\t<\/div>\n\t\t\t\t<div class=\"elementor-element elementor-element-f928cdb elementor-widget elementor-widget-text-editor\" data-id=\"f928cdb\" data-element_type=\"widget\" data-e-type=\"widget\" data-widget_type=\"text-editor.default\">\n\t\t\t\t\t\t\t\t\t<p>UNE CASSE LORS DE LA LIVRAISON ?<\/p>\t\t\t\t\t\t\t\t<\/div>\n\t\t\t\t<div class=\"elementor-element elementor-element-a79c0a8 elementor-widget elementor-widget-text-editor\" data-id=\"a79c0a8\" data-element_type=\"widget\" data-e-type=\"widget\" data-widget_type=\"text-editor.default\">\n\t\t\t\t\t\t\t\t\t<p><span style=\"font-weight: 400;\">Si vous constatez que vos colis sont endommag\u00e9s lors de la livraison, vous devez \u00e9mettre des r\u00e9serves pr\u00e9cises sur le bon de livraison indiquant le nombre de bouteilles cass\u00e9es\/colis endommag\u00e9s, leurs r\u00e9f\u00e9rences et l\u2019heure de d\u00e9part et d\u2019arriv\u00e9e du transporteur. Vous pouvez aussi refuser l\u2019ensemble du carton endommag\u00e9.<\/span><\/p><p><span style=\"font-weight: 400;\">Si en revanche vous acceptez la livraison sans porter r\u00e9clamation, la responsabilit\u00e9 du transporteur n\u2019est plus engag\u00e9e et aucun recours n\u2019est plus possible. Si, comme le veut la proc\u00e9dure, vous avez mis des r\u00e9serves sur le bon de livraison, La Cave des Lecteurs en partenariat avec Vins + Vins s\u2019engage \u00e0 vous remplacer les bouteilles cass\u00e9es.<\/span><\/p>\t\t\t\t\t\t\t\t<\/div>\n\t\t\t\t<div class=\"elementor-element elementor-element-6f4ab06 elementor-widget elementor-widget-text-editor\" data-id=\"6f4ab06\" data-element_type=\"widget\" data-e-type=\"widget\" data-widget_type=\"text-editor.default\">\n\t\t\t\t\t\t\t\t\t<p>UN COLIS MANQUANT ?<\/p>\t\t\t\t\t\t\t\t<\/div>\n\t\t\t\t<div class=\"elementor-element elementor-element-8f6c11a elementor-widget elementor-widget-text-editor\" data-id=\"8f6c11a\" data-element_type=\"widget\" data-e-type=\"widget\" data-widget_type=\"text-editor.default\">\n\t\t\t\t\t\t\t\t\t<p><span style=\"font-weight: 400;\">En cas de colis manquant \u00e0 r\u00e9ception de la livraison, vous devez v\u00e9rifier le nombre de colis inscrit sur le bon de livraison. Il se peut que les vins aient \u00e9t\u00e9 reconditionn\u00e9s dans un carton de 12 et que par cons\u00e9quent vous ayez le bon nombre de bouteilles. Si, en revanche, il y a effectivement un (ou plusieurs) manquant(s), vous pouvez r\u00e9ceptionner la commande mais vous devez absolument stipuler le nombre et les r\u00e9f\u00e9rences du ou des colis manquants sur le bon de livraison. Si vous avez \u00e9mis des r\u00e9serves sur le bon de livraison, La Cave des Lecteurs en partenariat avec Vins + Vins s\u2019engage \u00e0 vous livrer le ou les colis manquants. Attention, si vous acceptez la livraison sans \u00e9mettre de r\u00e9serves, la responsabilit\u00e9 du transporteur n\u2019est plus engag\u00e9e et aucun recours n\u2019est possible.<\/span><\/p>\t\t\t\t\t\t\t\t<\/div>\n\t\t\t\t<div class=\"elementor-element elementor-element-cabc5fc elementor-widget elementor-widget-text-editor\" data-id=\"cabc5fc\" data-element_type=\"widget\" data-e-type=\"widget\" data-widget_type=\"text-editor.default\">\n\t\t\t\t\t\t\t\t\t<p>LA LIVRAISON NE CORRESPOND PAS \u00c0 VOTRE DEMANDE ?<\/p>\t\t\t\t\t\t\t\t<\/div>\n\t\t\t\t<div class=\"elementor-element elementor-element-dedf5c5 elementor-widget elementor-widget-text-editor\" data-id=\"dedf5c5\" data-element_type=\"widget\" data-e-type=\"widget\" data-widget_type=\"text-editor.default\">\n\t\t\t\t\t\t\t\t\t<p><span style=\"font-weight: 400;\">Si vous constatez que la livraison ne correspond pas \u00e0 votre demande, prenez quand m\u00eame le temps d\u2019ouvrir un carton car il se peut de temps en temps que les vins soient reconditionn\u00e9s. Si effectivement il y a eu une erreur d\u2019\u00e9tiquetage par exemple, vous devez refuser l\u2019ensemble de la commande en le stipulant sur le bon de livraison. La Cave des Lecteurs en partenariat avec Vins + Vins vous livrera tr\u00e8s rapidement les bonnes bouteilles.<\/span><\/p>\t\t\t\t\t\t\t\t<\/div>\n\t\t\t\t<div class=\"elementor-element elementor-element-90f64ed elementor-widget elementor-widget-text-editor\" data-id=\"90f64ed\" data-element_type=\"widget\" data-e-type=\"widget\" data-widget_type=\"text-editor.default\">\n\t\t\t\t\t\t\t\t\t<p>ABSENCE LORS DE LA LIVRAISON ?<\/p>\t\t\t\t\t\t\t\t<\/div>\n\t\t\t\t<div class=\"elementor-element elementor-element-627c170 elementor-widget elementor-widget-text-editor\" data-id=\"627c170\" data-element_type=\"widget\" data-e-type=\"widget\" data-widget_type=\"text-editor.default\">\n\t\t\t\t\t\t\t\t\t<p><span style=\"font-weight: 400;\">En cas d\u2019absence, un avis de passage vous est laiss\u00e9 par le livreur. Cet avis porte le n\u00b0 t\u00e9l\u00e9phone de contact pour convenir d\u2019une nouvelle livraison. Au bout de trois passages qui n\u2019auraient pas abouti, les frais de relivraison sont \u00e0 votre charge.<\/span><\/p>\t\t\t\t\t\t\t\t<\/div>\n\t\t\t\t\t<\/div>\n\t\t\t\t<\/div>\n\t\t\t\t<\/div>\n\t\t","protected":false},"excerpt":{"rendered":"<p>Livraison UN SERVICE LOGISTIQUE DE QUALIT\u00c9 POUR UNE LIVRAISON IRR\u00c9PROCHABLE Notre Partenaire Vins + Vins\u00a0 met un point d\u2019honneur \u00e0 garantir \u00e0 ses clients le meilleur service logistique pour la conservation des vins et leur livraison. \u00c0 la diff\u00e9rence de ses concurrents, notre Partenaire propose \u00e0 la vente des vins disponibles dans ses stocks, en [&hellip;]<\/p>\n","protected":false},"author":1,"featured_media":0,"parent":0,"menu_order":0,"comment_status":"closed","ping_status":"closed","template":"","meta":{"footnotes":""},"class_list":["post-2337","page","type-page","status-publish","hentry"],"_links":{"self":[{"href":"https:\/\/www.lacavedeslecteurs.com\/index.php\/wp-json\/wp\/v2\/pages\/2337","targetHints":{"allow":["GET"]}}],"collection":[{"href":"https:\/\/www.lacavedeslecteurs.com\/index.php\/wp-json\/wp\/v2\/pages"}],"about":[{"href":"https:\/\/www.lacavedeslecteurs.com\/index.php\/wp-json\/wp\/v2\/types\/page"}],"author":[{"embeddable":true,"href":"https:\/\/www.lacavedeslecteurs.com\/index.php\/wp-json\/wp\/v2\/users\/1"}],"replies":[{"embeddable":true,"href":"https:\/\/www.lacavedeslecteurs.com\/index.php\/wp-json\/wp\/v2\/comments?post=2337"}],"version-history":[{"count":19,"href":"https:\/\/www.lacavedeslecteurs.com\/index.php\/wp-json\/wp\/v2\/pages\/2337\/revisions"}],"predecessor-version":[{"id":17216,"href":"https:\/\/www.lacavedeslecteurs.com\/index.php\/wp-json\/wp\/v2\/pages\/2337\/revisions\/17216"}],"wp:attachment":[{"href":"https:\/\/www.lacavedeslecteurs.com\/index.php\/wp-json\/wp\/v2\/media?parent=2337"}],"curies":[{"name":"wp","href":"https:\/\/api.w.org\/{rel}","templated":true}]}}