{"id":2365,"date":"2025-10-21T12:45:14","date_gmt":"2025-10-21T12:45:14","guid":{"rendered":"https:\/\/www.lacavedeslecteurs.com\/?page_id=2365"},"modified":"2026-03-10T10:37:19","modified_gmt":"2026-03-10T10:37:19","slug":"nous-contacter","status":"publish","type":"page","link":"https:\/\/www.lacavedeslecteurs.com\/index.php\/nous-contacter\/","title":{"rendered":"Nous contacter"},"content":{"rendered":"\t\t<div data-elementor-type=\"wp-page\" data-elementor-id=\"2365\" class=\"elementor elementor-2365\" data-elementor-post-type=\"page\">\n\t\t\t\t<div class=\"elementor-element elementor-element-181b82b e-flex e-con-boxed e-con e-parent\" data-id=\"181b82b\" data-element_type=\"container\" data-e-type=\"container\">\n\t\t\t\t\t<div class=\"e-con-inner\">\n\t\t\t\t<div class=\"elementor-element elementor-element-1c07338 elementor-widget elementor-widget-text-editor\" data-id=\"1c07338\" data-element_type=\"widget\" data-e-type=\"widget\" data-widget_type=\"text-editor.default\">\n\t\t\t\t\t\t\t\t\t<p>Nous contacter<\/p>\t\t\t\t\t\t\t\t<\/div>\n\t\t\t\t<div class=\"elementor-element elementor-element-ab6ccbd elementor-widget elementor-widget-text-editor\" data-id=\"ab6ccbd\" data-element_type=\"widget\" data-e-type=\"widget\" data-widget_type=\"text-editor.default\">\n\t\t\t\t\t\t\t\t\t<p>Pour toute question concernant le site La Cave des Lecteurs, vous pouvez nous contacter \u00e0 : <span style=\"text-decoration: underline;\"><strong data-start=\"202\" data-end=\"235\"><a class=\"decorated-link cursor-pointer\" rel=\"noopener\" data-start=\"204\" data-end=\"233\">contact@lacavedeslecteurs.com<\/a><\/strong><\/span><\/p><p><br data-start=\"236\" data-end=\"239\" \/>Pour toute demande relative \u00e0 vos commandes, exp\u00e9ditions ou au service apr\u00e8s-vente, merci de vous adresser directement \u00e0 notre partenaire en charge de la logistique, disponible par email : <span style=\"text-decoration: underline;\"><strong data-start=\"202\" data-end=\"235\"><a class=\"decorated-link cursor-pointer\" rel=\"noopener\" data-start=\"204\" data-end=\"233\">mmarec@vinsplusvins.fr<\/a><\/strong><\/span><\/p>\t\t\t\t\t\t\t\t<\/div>\n\t\t\t\t\t<\/div>\n\t\t\t\t<\/div>\n\t\t\t\t<\/div>\n\t\t","protected":false},"excerpt":{"rendered":"<p>Nous contacter Pour toute question concernant le site La Cave des Lecteurs, vous pouvez nous contacter \u00e0 : contact@lacavedeslecteurs.com Pour toute demande relative \u00e0 vos commandes, exp\u00e9ditions ou au service apr\u00e8s-vente, merci de vous adresser directement \u00e0 notre partenaire en charge de la logistique, disponible par email : mmarec@vinsplusvins.fr<\/p>\n","protected":false},"author":1,"featured_media":0,"parent":0,"menu_order":0,"comment_status":"closed","ping_status":"closed","template":"","meta":{"footnotes":""},"class_list":["post-2365","page","type-page","status-publish","hentry"],"_links":{"self":[{"href":"https:\/\/www.lacavedeslecteurs.com\/index.php\/wp-json\/wp\/v2\/pages\/2365","targetHints":{"allow":["GET"]}}],"collection":[{"href":"https:\/\/www.lacavedeslecteurs.com\/index.php\/wp-json\/wp\/v2\/pages"}],"about":[{"href":"https:\/\/www.lacavedeslecteurs.com\/index.php\/wp-json\/wp\/v2\/types\/page"}],"author":[{"embeddable":true,"href":"https:\/\/www.lacavedeslecteurs.com\/index.php\/wp-json\/wp\/v2\/users\/1"}],"replies":[{"embeddable":true,"href":"https:\/\/www.lacavedeslecteurs.com\/index.php\/wp-json\/wp\/v2\/comments?post=2365"}],"version-history":[{"count":16,"href":"https:\/\/www.lacavedeslecteurs.com\/index.php\/wp-json\/wp\/v2\/pages\/2365\/revisions"}],"predecessor-version":[{"id":17219,"href":"https:\/\/www.lacavedeslecteurs.com\/index.php\/wp-json\/wp\/v2\/pages\/2365\/revisions\/17219"}],"wp:attachment":[{"href":"https:\/\/www.lacavedeslecteurs.com\/index.php\/wp-json\/wp\/v2\/media?parent=2365"}],"curies":[{"name":"wp","href":"https:\/\/api.w.org\/{rel}","templated":true}]}}