{"id":10930,"date":"2025-12-31T12:53:14","date_gmt":"2025-12-31T12:53:14","guid":{"rendered":"https:\/\/www.lacavedeslecteurs.com\/index.php\/product\/domaine-patrick-balvay\/"},"modified":"2026-02-13T15:00:49","modified_gmt":"2026-02-13T15:00:49","slug":"domaine-patrick-balvay","status":"publish","type":"product","link":"https:\/\/www.lacavedeslecteurs.com\/index.php\/product\/domaine-patrick-balvay\/","title":{"rendered":"Domaine Patrick Balvay - 2018"},"content":{"rendered":"<p>Robe grenat aux reflets d&rsquo;un violet intense, ce vin est g\u00e9n\u00e9reux, cors\u00e9 et puissant en bouche. D\u00e9gust\u00e9 jeune, il d\u00e9veloppe des senteurs florales et fruit\u00e9es. Cependant ce cru vieillira avec bonheur 10 ans en d\u00e9clinant des ar\u00f4mes de fruits rouges et d&rsquo;\u00e9pices.<\/p>\n","protected":false},"excerpt":{"rendered":"<p>Robe grenat aux reflets d&rsquo;un violet intense, ce vin est g\u00e9n\u00e9reux, cors\u00e9 et puissant en bouche. D\u00e9gust\u00e9 jeune, il d\u00e9veloppe des senteurs florales et fruit\u00e9es. Cependant ce cru vieillira avec bonheur 10 ans en d\u00e9clinant des ar\u00f4mes de fruits rouges et d&rsquo;\u00e9pices.<\/p>\n","protected":false},"featured_media":16515,"comment_status":"open","ping_status":"closed","template":"","meta":[],"product_brand":[],"product_cat":[53,365,138,27],"product_tag":[],"class_list":{"0":"post-10930","1":"product","2":"type-product","3":"status-publish","4":"has-post-thumbnail","6":"product_cat-autres-terroirs","7":"product_cat-categorie","8":"product_cat-couleurs","9":"product_cat-rouge","11":"first","12":"outofstock","13":"sale","14":"taxable","15":"shipping-taxable","16":"purchasable","17":"product-type-simple"},"_links":{"self":[{"href":"https:\/\/www.lacavedeslecteurs.com\/index.php\/wp-json\/wp\/v2\/product\/10930","targetHints":{"allow":["GET"]}}],"collection":[{"href":"https:\/\/www.lacavedeslecteurs.com\/index.php\/wp-json\/wp\/v2\/product"}],"about":[{"href":"https:\/\/www.lacavedeslecteurs.com\/index.php\/wp-json\/wp\/v2\/types\/product"}],"replies":[{"embeddable":true,"href":"https:\/\/www.lacavedeslecteurs.com\/index.php\/wp-json\/wp\/v2\/comments?post=10930"}],"wp:featuredmedia":[{"embeddable":true,"href":"https:\/\/www.lacavedeslecteurs.com\/index.php\/wp-json\/wp\/v2\/media\/16515"}],"wp:attachment":[{"href":"https:\/\/www.lacavedeslecteurs.com\/index.php\/wp-json\/wp\/v2\/media?parent=10930"}],"wp:term":[{"taxonomy":"product_brand","embeddable":true,"href":"https:\/\/www.lacavedeslecteurs.com\/index.php\/wp-json\/wp\/v2\/product_brand?post=10930"},{"taxonomy":"product_cat","embeddable":true,"href":"https:\/\/www.lacavedeslecteurs.com\/index.php\/wp-json\/wp\/v2\/product_cat?post=10930"},{"taxonomy":"product_tag","embeddable":true,"href":"https:\/\/www.lacavedeslecteurs.com\/index.php\/wp-json\/wp\/v2\/product_tag?post=10930"}],"curies":[{"name":"wp","href":"https:\/\/api.w.org\/{rel}","templated":true}]}}