{"id":10932,"date":"2025-12-31T12:53:17","date_gmt":"2025-12-31T12:53:17","guid":{"rendered":"https:\/\/www.lacavedeslecteurs.com\/index.php\/product\/chateau-des-bachelards-comtesse-de-vazeilles-biodynamie\/"},"modified":"2026-02-13T15:00:51","modified_gmt":"2026-02-13T15:00:51","slug":"chateau-des-bachelards-comtesse-de-vazeilles-biodynamie","status":"publish","type":"product","link":"https:\/\/www.lacavedeslecteurs.com\/index.php\/product\/chateau-des-bachelards-comtesse-de-vazeilles-biodynamie\/","title":{"rendered":"Ch\u00e2teau des Bachelards Comtesse de Vazeilles BIOdynamie - 2019"},"content":{"rendered":"<p>Men\u00e9 par la p\u00e9tulante comtesse Alexandra, le Ch\u00e2teau des Bachelards bouscule les codes du Beaujolais ; ses vins m\u00ealent l\u2019\u00e9l\u00e9gance de la Bourgogne et la gourmandise de la vall\u00e9e du Rh\u00f4ne. Le Saint-Amour r\u00e9v\u00e8le un nez \u00e9tonnant de fleurs d\u2019\u00e9t\u00e9, de fruits rouges et noir tr\u00e8s fins avec une pointe d\u2019\u00e9pices. Un Grand Cru du Beaujolais !<\/p>\n","protected":false},"excerpt":{"rendered":"<p>Men\u00e9 par la p\u00e9tulante comtesse Alexandra, le Ch\u00e2teau des Bachelards bouscule les codes du Beaujolais ; ses vins m\u00ealent l\u2019\u00e9l\u00e9gance de la Bourgogne et la gourmandise de la vall\u00e9e du Rh\u00f4ne. Le Saint-Amour r\u00e9v\u00e8le un nez \u00e9tonnant de fleurs d\u2019\u00e9t\u00e9, de fruits rouges et noir tr\u00e8s fins avec une pointe d\u2019\u00e9pices. Un Grand Cru du [&hellip;]<\/p>\n","protected":false},"featured_media":16516,"comment_status":"open","ping_status":"closed","template":"","meta":[],"product_brand":[],"product_cat":[53,365,138,27],"product_tag":[],"class_list":{"0":"post-10932","1":"product","2":"type-product","3":"status-publish","4":"has-post-thumbnail","6":"product_cat-autres-terroirs","7":"product_cat-categorie","8":"product_cat-couleurs","9":"product_cat-rouge","11":"first","12":"instock","13":"sale","14":"taxable","15":"shipping-taxable","16":"purchasable","17":"product-type-simple"},"_links":{"self":[{"href":"https:\/\/www.lacavedeslecteurs.com\/index.php\/wp-json\/wp\/v2\/product\/10932","targetHints":{"allow":["GET"]}}],"collection":[{"href":"https:\/\/www.lacavedeslecteurs.com\/index.php\/wp-json\/wp\/v2\/product"}],"about":[{"href":"https:\/\/www.lacavedeslecteurs.com\/index.php\/wp-json\/wp\/v2\/types\/product"}],"replies":[{"embeddable":true,"href":"https:\/\/www.lacavedeslecteurs.com\/index.php\/wp-json\/wp\/v2\/comments?post=10932"}],"wp:featuredmedia":[{"embeddable":true,"href":"https:\/\/www.lacavedeslecteurs.com\/index.php\/wp-json\/wp\/v2\/media\/16516"}],"wp:attachment":[{"href":"https:\/\/www.lacavedeslecteurs.com\/index.php\/wp-json\/wp\/v2\/media?parent=10932"}],"wp:term":[{"taxonomy":"product_brand","embeddable":true,"href":"https:\/\/www.lacavedeslecteurs.com\/index.php\/wp-json\/wp\/v2\/product_brand?post=10932"},{"taxonomy":"product_cat","embeddable":true,"href":"https:\/\/www.lacavedeslecteurs.com\/index.php\/wp-json\/wp\/v2\/product_cat?post=10932"},{"taxonomy":"product_tag","embeddable":true,"href":"https:\/\/www.lacavedeslecteurs.com\/index.php\/wp-json\/wp\/v2\/product_tag?post=10932"}],"curies":[{"name":"wp","href":"https:\/\/api.w.org\/{rel}","templated":true}]}}