{"id":10936,"date":"2025-12-31T12:53:18","date_gmt":"2025-12-31T12:53:18","guid":{"rendered":"https:\/\/www.lacavedeslecteurs.com\/index.php\/product\/domaine-maire-fils-vignes-de-sorbief-pinot-noir\/"},"modified":"2026-02-13T15:00:55","modified_gmt":"2026-02-13T15:00:55","slug":"domaine-maire-fils-vignes-de-sorbief-pinot-noir","status":"publish","type":"product","link":"https:\/\/www.lacavedeslecteurs.com\/index.php\/product\/domaine-maire-fils-vignes-de-sorbief-pinot-noir\/","title":{"rendered":"Domaine Maire &#038; Fils Vignes de Sorbief Pinot Noir - 2018"},"content":{"rendered":"<p>Dans sa robe rouge rubis limpide ce vin offre un nez droit et fin r\u00e9v\u00e9lant des ar\u00f4mes de fruits rouges. En bouche c\u2019est un vin puissant et riche aux notes de fruits noirs et d\u2019\u00e9pices fines. Les tanins et une \u00e9l\u00e9gance \u00e9quilibr\u00e9e caract\u00e9risent ce vin de belle garde.<\/p>\n","protected":false},"excerpt":{"rendered":"<p>Dans sa robe rouge rubis limpide ce vin offre un nez droit et fin r\u00e9v\u00e9lant des ar\u00f4mes de fruits rouges. En bouche c\u2019est un vin puissant et riche aux notes de fruits noirs et d\u2019\u00e9pices fines. Les tanins et une \u00e9l\u00e9gance \u00e9quilibr\u00e9e caract\u00e9risent ce vin de belle garde.<\/p>\n","protected":false},"featured_media":16520,"comment_status":"open","ping_status":"closed","template":"","meta":[],"product_brand":[],"product_cat":[53,365,138,27],"product_tag":[],"class_list":{"0":"post-10936","1":"product","2":"type-product","3":"status-publish","4":"has-post-thumbnail","6":"product_cat-autres-terroirs","7":"product_cat-categorie","8":"product_cat-couleurs","9":"product_cat-rouge","11":"first","12":"instock","13":"sale","14":"taxable","15":"shipping-taxable","16":"purchasable","17":"product-type-simple"},"_links":{"self":[{"href":"https:\/\/www.lacavedeslecteurs.com\/index.php\/wp-json\/wp\/v2\/product\/10936","targetHints":{"allow":["GET"]}}],"collection":[{"href":"https:\/\/www.lacavedeslecteurs.com\/index.php\/wp-json\/wp\/v2\/product"}],"about":[{"href":"https:\/\/www.lacavedeslecteurs.com\/index.php\/wp-json\/wp\/v2\/types\/product"}],"replies":[{"embeddable":true,"href":"https:\/\/www.lacavedeslecteurs.com\/index.php\/wp-json\/wp\/v2\/comments?post=10936"}],"wp:featuredmedia":[{"embeddable":true,"href":"https:\/\/www.lacavedeslecteurs.com\/index.php\/wp-json\/wp\/v2\/media\/16520"}],"wp:attachment":[{"href":"https:\/\/www.lacavedeslecteurs.com\/index.php\/wp-json\/wp\/v2\/media?parent=10936"}],"wp:term":[{"taxonomy":"product_brand","embeddable":true,"href":"https:\/\/www.lacavedeslecteurs.com\/index.php\/wp-json\/wp\/v2\/product_brand?post=10936"},{"taxonomy":"product_cat","embeddable":true,"href":"https:\/\/www.lacavedeslecteurs.com\/index.php\/wp-json\/wp\/v2\/product_cat?post=10936"},{"taxonomy":"product_tag","embeddable":true,"href":"https:\/\/www.lacavedeslecteurs.com\/index.php\/wp-json\/wp\/v2\/product_tag?post=10936"}],"curies":[{"name":"wp","href":"https:\/\/api.w.org\/{rel}","templated":true}]}}