{"id":10938,"date":"2025-12-31T12:53:19","date_gmt":"2025-12-31T12:53:19","guid":{"rendered":"https:\/\/www.lacavedeslecteurs.com\/index.php\/product\/domaine-de-la-paillardiere\/"},"modified":"2026-02-13T15:00:56","modified_gmt":"2026-02-13T15:00:56","slug":"domaine-de-la-paillardiere","status":"publish","type":"product","link":"https:\/\/www.lacavedeslecteurs.com\/index.php\/product\/domaine-de-la-paillardiere\/","title":{"rendered":"Domaine de La Paillardi\u00e8re - 2020"},"content":{"rendered":"<p>Un chardonnay fin, tr\u00e8s frais, qui pourra se suffire \u00e0 lui-m\u00eame en ap\u00e9ritif. Le nez pr\u00e9sente de belles notes citronn\u00e9es. Apr\u00e8s une attaque ronde, une texture l\u00e9g\u00e8re et agr\u00e9ablement acidul\u00e9e se distingue en bouche. <\/p>\n","protected":false},"excerpt":{"rendered":"<p>Un chardonnay fin, tr\u00e8s frais, qui pourra se suffire \u00e0 lui-m\u00eame en ap\u00e9ritif. Le nez pr\u00e9sente de belles notes citronn\u00e9es. Apr\u00e8s une attaque ronde, une texture l\u00e9g\u00e8re et agr\u00e9ablement acidul\u00e9e se distingue en bouche.<\/p>\n","protected":false},"featured_media":16521,"comment_status":"open","ping_status":"closed","template":"","meta":[],"product_brand":[],"product_cat":[53,41,365,138],"product_tag":[],"class_list":{"0":"post-10938","1":"product","2":"type-product","3":"status-publish","4":"has-post-thumbnail","6":"product_cat-autres-terroirs","7":"product_cat-blanc","8":"product_cat-categorie","9":"product_cat-couleurs","11":"first","12":"instock","13":"sale","14":"taxable","15":"shipping-taxable","16":"purchasable","17":"product-type-simple"},"_links":{"self":[{"href":"https:\/\/www.lacavedeslecteurs.com\/index.php\/wp-json\/wp\/v2\/product\/10938","targetHints":{"allow":["GET"]}}],"collection":[{"href":"https:\/\/www.lacavedeslecteurs.com\/index.php\/wp-json\/wp\/v2\/product"}],"about":[{"href":"https:\/\/www.lacavedeslecteurs.com\/index.php\/wp-json\/wp\/v2\/types\/product"}],"replies":[{"embeddable":true,"href":"https:\/\/www.lacavedeslecteurs.com\/index.php\/wp-json\/wp\/v2\/comments?post=10938"}],"wp:featuredmedia":[{"embeddable":true,"href":"https:\/\/www.lacavedeslecteurs.com\/index.php\/wp-json\/wp\/v2\/media\/16521"}],"wp:attachment":[{"href":"https:\/\/www.lacavedeslecteurs.com\/index.php\/wp-json\/wp\/v2\/media?parent=10938"}],"wp:term":[{"taxonomy":"product_brand","embeddable":true,"href":"https:\/\/www.lacavedeslecteurs.com\/index.php\/wp-json\/wp\/v2\/product_brand?post=10938"},{"taxonomy":"product_cat","embeddable":true,"href":"https:\/\/www.lacavedeslecteurs.com\/index.php\/wp-json\/wp\/v2\/product_cat?post=10938"},{"taxonomy":"product_tag","embeddable":true,"href":"https:\/\/www.lacavedeslecteurs.com\/index.php\/wp-json\/wp\/v2\/product_tag?post=10938"}],"curies":[{"name":"wp","href":"https:\/\/api.w.org\/{rel}","templated":true}]}}