{"id":10940,"date":"2025-12-31T12:53:20","date_gmt":"2025-12-31T12:53:20","guid":{"rendered":"https:\/\/www.lacavedeslecteurs.com\/index.php\/product\/domaine-nicolas-grosbois-la-cuisine-de-ma-mere-bio\/"},"modified":"2026-02-13T15:00:57","modified_gmt":"2026-02-13T15:00:57","slug":"domaine-nicolas-grosbois-la-cuisine-de-ma-mere-bio","status":"publish","type":"product","link":"https:\/\/www.lacavedeslecteurs.com\/index.php\/product\/domaine-nicolas-grosbois-la-cuisine-de-ma-mere-bio\/","title":{"rendered":"Domaine Nicolas Grosbois La Cuisine de ma M\u00e8re BIO - 2021"},"content":{"rendered":"<p>Une cuv\u00e9e gouleyante, facile, g\u00e9n\u00e9reuse : \u00ab\u00a0Cuisine de ma M\u00e8re\u00a0\u00bb est un appel \u00e0 la convivialit\u00e9. On aime son fruit\u00e9 frais et sa texture charnue. Le Chinon le plus vendu en France, \u00e0 partager !<\/p>\n","protected":false},"excerpt":{"rendered":"<p>Une cuv\u00e9e gouleyante, facile, g\u00e9n\u00e9reuse : \u00ab\u00a0Cuisine de ma M\u00e8re\u00a0\u00bb est un appel \u00e0 la convivialit\u00e9. On aime son fruit\u00e9 frais et sa texture charnue. Le Chinon le plus vendu en France, \u00e0 partager !<\/p>\n","protected":false},"featured_media":16522,"comment_status":"open","ping_status":"closed","template":"","meta":[],"product_brand":[],"product_cat":[53,365,138,27],"product_tag":[],"class_list":{"0":"post-10940","1":"product","2":"type-product","3":"status-publish","4":"has-post-thumbnail","6":"product_cat-autres-terroirs","7":"product_cat-categorie","8":"product_cat-couleurs","9":"product_cat-rouge","11":"first","12":"instock","13":"sale","14":"taxable","15":"shipping-taxable","16":"purchasable","17":"product-type-simple"},"_links":{"self":[{"href":"https:\/\/www.lacavedeslecteurs.com\/index.php\/wp-json\/wp\/v2\/product\/10940","targetHints":{"allow":["GET"]}}],"collection":[{"href":"https:\/\/www.lacavedeslecteurs.com\/index.php\/wp-json\/wp\/v2\/product"}],"about":[{"href":"https:\/\/www.lacavedeslecteurs.com\/index.php\/wp-json\/wp\/v2\/types\/product"}],"replies":[{"embeddable":true,"href":"https:\/\/www.lacavedeslecteurs.com\/index.php\/wp-json\/wp\/v2\/comments?post=10940"}],"wp:featuredmedia":[{"embeddable":true,"href":"https:\/\/www.lacavedeslecteurs.com\/index.php\/wp-json\/wp\/v2\/media\/16522"}],"wp:attachment":[{"href":"https:\/\/www.lacavedeslecteurs.com\/index.php\/wp-json\/wp\/v2\/media?parent=10940"}],"wp:term":[{"taxonomy":"product_brand","embeddable":true,"href":"https:\/\/www.lacavedeslecteurs.com\/index.php\/wp-json\/wp\/v2\/product_brand?post=10940"},{"taxonomy":"product_cat","embeddable":true,"href":"https:\/\/www.lacavedeslecteurs.com\/index.php\/wp-json\/wp\/v2\/product_cat?post=10940"},{"taxonomy":"product_tag","embeddable":true,"href":"https:\/\/www.lacavedeslecteurs.com\/index.php\/wp-json\/wp\/v2\/product_tag?post=10940"}],"curies":[{"name":"wp","href":"https:\/\/api.w.org\/{rel}","templated":true}]}}