{"id":10944,"date":"2025-12-31T12:53:22","date_gmt":"2025-12-31T12:53:22","guid":{"rendered":"https:\/\/www.lacavedeslecteurs.com\/index.php\/product\/chateau-de-pierreux-terres-de-pierreux\/"},"modified":"2026-02-13T15:01:01","modified_gmt":"2026-02-13T15:01:01","slug":"chateau-de-pierreux-terres-de-pierreux","status":"publish","type":"product","link":"https:\/\/www.lacavedeslecteurs.com\/index.php\/product\/chateau-de-pierreux-terres-de-pierreux\/","title":{"rendered":"Ch\u00e2teau de Pierreux Terres de Pierreux - 2017"},"content":{"rendered":"<p>Ch\u00e2teau historique de l&rsquo;appellation, propri\u00e9t\u00e9 de la famille Boisset. Terres de Pierreux est une valeur s\u00fbre, produite dans la pure tradition viticole beaujolaise. Tr\u00e8s structur\u00e9, d\u00e9licieusement fruit\u00e9 et long en bouche, il pourra se garder une dizaine d&rsquo;ann\u00e9e avec bonheur. <\/p>\n","protected":false},"excerpt":{"rendered":"<p>Ch\u00e2teau historique de l&rsquo;appellation, propri\u00e9t\u00e9 de la famille Boisset. Terres de Pierreux est une valeur s\u00fbre, produite dans la pure tradition viticole beaujolaise. Tr\u00e8s structur\u00e9, d\u00e9licieusement fruit\u00e9 et long en bouche, il pourra se garder une dizaine d&rsquo;ann\u00e9e avec bonheur.<\/p>\n","protected":false},"featured_media":16524,"comment_status":"open","ping_status":"closed","template":"","meta":[],"product_brand":[],"product_cat":[53,365,138,27],"product_tag":[],"class_list":{"0":"post-10944","1":"product","2":"type-product","3":"status-publish","4":"has-post-thumbnail","6":"product_cat-autres-terroirs","7":"product_cat-categorie","8":"product_cat-couleurs","9":"product_cat-rouge","11":"first","12":"instock","13":"sale","14":"taxable","15":"shipping-taxable","16":"purchasable","17":"product-type-simple"},"_links":{"self":[{"href":"https:\/\/www.lacavedeslecteurs.com\/index.php\/wp-json\/wp\/v2\/product\/10944","targetHints":{"allow":["GET"]}}],"collection":[{"href":"https:\/\/www.lacavedeslecteurs.com\/index.php\/wp-json\/wp\/v2\/product"}],"about":[{"href":"https:\/\/www.lacavedeslecteurs.com\/index.php\/wp-json\/wp\/v2\/types\/product"}],"replies":[{"embeddable":true,"href":"https:\/\/www.lacavedeslecteurs.com\/index.php\/wp-json\/wp\/v2\/comments?post=10944"}],"wp:featuredmedia":[{"embeddable":true,"href":"https:\/\/www.lacavedeslecteurs.com\/index.php\/wp-json\/wp\/v2\/media\/16524"}],"wp:attachment":[{"href":"https:\/\/www.lacavedeslecteurs.com\/index.php\/wp-json\/wp\/v2\/media?parent=10944"}],"wp:term":[{"taxonomy":"product_brand","embeddable":true,"href":"https:\/\/www.lacavedeslecteurs.com\/index.php\/wp-json\/wp\/v2\/product_brand?post=10944"},{"taxonomy":"product_cat","embeddable":true,"href":"https:\/\/www.lacavedeslecteurs.com\/index.php\/wp-json\/wp\/v2\/product_cat?post=10944"},{"taxonomy":"product_tag","embeddable":true,"href":"https:\/\/www.lacavedeslecteurs.com\/index.php\/wp-json\/wp\/v2\/product_tag?post=10944"}],"curies":[{"name":"wp","href":"https:\/\/api.w.org\/{rel}","templated":true}]}}