{"id":10948,"date":"2025-12-31T12:53:24","date_gmt":"2025-12-31T12:53:24","guid":{"rendered":"https:\/\/www.lacavedeslecteurs.com\/index.php\/product\/domaine-nicolas-grosbois-cuvee-gabare-biodynamie\/"},"modified":"2026-02-13T15:01:05","modified_gmt":"2026-02-13T15:01:05","slug":"domaine-nicolas-grosbois-cuvee-gabare-biodynamie","status":"publish","type":"product","link":"https:\/\/www.lacavedeslecteurs.com\/index.php\/product\/domaine-nicolas-grosbois-cuvee-gabare-biodynamie\/","title":{"rendered":"Domaine Nicolas Grosbois Cuv\u00e9e Gabare Biodynamie - 2020"},"content":{"rendered":"<p>Une cuv\u00e9e dans un style plus construit qui offre en bouche beaucoup de fra\u00eecheur associ\u00e9e \u00e0 des sensations intenses de fruits rouges, d&rsquo;\u00e9pices ainsi qu&rsquo;une trame min\u00e9rale et saline. Sa complexit\u00e9 ravira les amateurs.<\/p>\n","protected":false},"excerpt":{"rendered":"<p>Une cuv\u00e9e dans un style plus construit qui offre en bouche beaucoup de fra\u00eecheur associ\u00e9e \u00e0 des sensations intenses de fruits rouges, d&rsquo;\u00e9pices ainsi qu&rsquo;une trame min\u00e9rale et saline. Sa complexit\u00e9 ravira les amateurs.<\/p>\n","protected":false},"featured_media":16526,"comment_status":"open","ping_status":"closed","template":"","meta":[],"product_brand":[],"product_cat":[53,365,138,27],"product_tag":[],"class_list":{"0":"post-10948","1":"product","2":"type-product","3":"status-publish","4":"has-post-thumbnail","6":"product_cat-autres-terroirs","7":"product_cat-categorie","8":"product_cat-couleurs","9":"product_cat-rouge","11":"first","12":"instock","13":"sale","14":"taxable","15":"shipping-taxable","16":"purchasable","17":"product-type-simple"},"_links":{"self":[{"href":"https:\/\/www.lacavedeslecteurs.com\/index.php\/wp-json\/wp\/v2\/product\/10948","targetHints":{"allow":["GET"]}}],"collection":[{"href":"https:\/\/www.lacavedeslecteurs.com\/index.php\/wp-json\/wp\/v2\/product"}],"about":[{"href":"https:\/\/www.lacavedeslecteurs.com\/index.php\/wp-json\/wp\/v2\/types\/product"}],"replies":[{"embeddable":true,"href":"https:\/\/www.lacavedeslecteurs.com\/index.php\/wp-json\/wp\/v2\/comments?post=10948"}],"wp:featuredmedia":[{"embeddable":true,"href":"https:\/\/www.lacavedeslecteurs.com\/index.php\/wp-json\/wp\/v2\/media\/16526"}],"wp:attachment":[{"href":"https:\/\/www.lacavedeslecteurs.com\/index.php\/wp-json\/wp\/v2\/media?parent=10948"}],"wp:term":[{"taxonomy":"product_brand","embeddable":true,"href":"https:\/\/www.lacavedeslecteurs.com\/index.php\/wp-json\/wp\/v2\/product_brand?post=10948"},{"taxonomy":"product_cat","embeddable":true,"href":"https:\/\/www.lacavedeslecteurs.com\/index.php\/wp-json\/wp\/v2\/product_cat?post=10948"},{"taxonomy":"product_tag","embeddable":true,"href":"https:\/\/www.lacavedeslecteurs.com\/index.php\/wp-json\/wp\/v2\/product_tag?post=10948"}],"curies":[{"name":"wp","href":"https:\/\/api.w.org\/{rel}","templated":true}]}}