{"id":10950,"date":"2025-12-31T12:53:26","date_gmt":"2025-12-31T12:53:26","guid":{"rendered":"https:\/\/www.lacavedeslecteurs.com\/index.php\/product\/clos-triguedina-jl-baldes\/"},"modified":"2026-02-13T15:01:07","modified_gmt":"2026-02-13T15:01:07","slug":"clos-triguedina-jl-baldes","status":"publish","type":"product","link":"https:\/\/www.lacavedeslecteurs.com\/index.php\/product\/clos-triguedina-jl-baldes\/","title":{"rendered":"Clos Triguedina Jl Baldes - 2020"},"content":{"rendered":"<p>C&rsquo;est un vin de repas qui accompagnera \u00e0 merveille vos viandes rouges. Promis \u00e0 la garde, cette cuv\u00e9e pourra \u00eatre d\u00e9gust\u00e9e d\u00e8s maintenant, mais apr\u00e8s un carafage indispensable de quelques heures ! Un vin de plaisir \u00e0 partager autour d&rsquo;une table de gastronome !<\/p>\n","protected":false},"excerpt":{"rendered":"<p>C&rsquo;est un vin de repas qui accompagnera \u00e0 merveille vos viandes rouges. Promis \u00e0 la garde, cette cuv\u00e9e pourra \u00eatre d\u00e9gust\u00e9e d\u00e8s maintenant, mais apr\u00e8s un carafage indispensable de quelques heures ! Un vin de plaisir \u00e0 partager autour d&rsquo;une table de gastronome !<\/p>\n","protected":false},"featured_media":16527,"comment_status":"open","ping_status":"closed","template":"","meta":[],"product_brand":[],"product_cat":[53,365,138,27],"product_tag":[],"class_list":{"0":"post-10950","1":"product","2":"type-product","3":"status-publish","4":"has-post-thumbnail","6":"product_cat-autres-terroirs","7":"product_cat-categorie","8":"product_cat-couleurs","9":"product_cat-rouge","11":"first","12":"instock","13":"sale","14":"taxable","15":"shipping-taxable","16":"purchasable","17":"product-type-simple"},"_links":{"self":[{"href":"https:\/\/www.lacavedeslecteurs.com\/index.php\/wp-json\/wp\/v2\/product\/10950","targetHints":{"allow":["GET"]}}],"collection":[{"href":"https:\/\/www.lacavedeslecteurs.com\/index.php\/wp-json\/wp\/v2\/product"}],"about":[{"href":"https:\/\/www.lacavedeslecteurs.com\/index.php\/wp-json\/wp\/v2\/types\/product"}],"replies":[{"embeddable":true,"href":"https:\/\/www.lacavedeslecteurs.com\/index.php\/wp-json\/wp\/v2\/comments?post=10950"}],"wp:featuredmedia":[{"embeddable":true,"href":"https:\/\/www.lacavedeslecteurs.com\/index.php\/wp-json\/wp\/v2\/media\/16527"}],"wp:attachment":[{"href":"https:\/\/www.lacavedeslecteurs.com\/index.php\/wp-json\/wp\/v2\/media?parent=10950"}],"wp:term":[{"taxonomy":"product_brand","embeddable":true,"href":"https:\/\/www.lacavedeslecteurs.com\/index.php\/wp-json\/wp\/v2\/product_brand?post=10950"},{"taxonomy":"product_cat","embeddable":true,"href":"https:\/\/www.lacavedeslecteurs.com\/index.php\/wp-json\/wp\/v2\/product_cat?post=10950"},{"taxonomy":"product_tag","embeddable":true,"href":"https:\/\/www.lacavedeslecteurs.com\/index.php\/wp-json\/wp\/v2\/product_tag?post=10950"}],"curies":[{"name":"wp","href":"https:\/\/api.w.org\/{rel}","templated":true}]}}