{"id":10952,"date":"2025-12-31T12:53:27","date_gmt":"2025-12-31T12:53:27","guid":{"rendered":"https:\/\/www.lacavedeslecteurs.com\/index.php\/product\/domaine-de-joy-leclat\/"},"modified":"2026-02-13T15:01:10","modified_gmt":"2026-02-13T15:01:10","slug":"domaine-de-joy-leclat","status":"publish","type":"product","link":"https:\/\/www.lacavedeslecteurs.com\/index.php\/product\/domaine-de-joy-leclat\/","title":{"rendered":"Domaine de Jo\u00ff  L&rsquo;\u00c9clat - 2022"},"content":{"rendered":"<p>Blanc sec vif et fruit\u00e9, des notes d&rsquo;agrumes (citron, pamplemousse) avec une acidit\u00e9 tr\u00e8s bien ma\u00eetris\u00e9e. Excellent C\u00f4tes de Gascogne, une valeur s\u00fbre !<\/p>\n","protected":false},"excerpt":{"rendered":"<p>Blanc sec vif et fruit\u00e9, des notes d&rsquo;agrumes (citron, pamplemousse) avec une acidit\u00e9 tr\u00e8s bien ma\u00eetris\u00e9e. Excellent C\u00f4tes de Gascogne, une valeur s\u00fbre !<\/p>\n","protected":false},"featured_media":16528,"comment_status":"open","ping_status":"closed","template":"","meta":[],"product_brand":[],"product_cat":[53,41,365,138],"product_tag":[],"class_list":{"0":"post-10952","1":"product","2":"type-product","3":"status-publish","4":"has-post-thumbnail","6":"product_cat-autres-terroirs","7":"product_cat-blanc","8":"product_cat-categorie","9":"product_cat-couleurs","11":"first","12":"instock","13":"sale","14":"taxable","15":"shipping-taxable","16":"purchasable","17":"product-type-simple"},"_links":{"self":[{"href":"https:\/\/www.lacavedeslecteurs.com\/index.php\/wp-json\/wp\/v2\/product\/10952","targetHints":{"allow":["GET"]}}],"collection":[{"href":"https:\/\/www.lacavedeslecteurs.com\/index.php\/wp-json\/wp\/v2\/product"}],"about":[{"href":"https:\/\/www.lacavedeslecteurs.com\/index.php\/wp-json\/wp\/v2\/types\/product"}],"replies":[{"embeddable":true,"href":"https:\/\/www.lacavedeslecteurs.com\/index.php\/wp-json\/wp\/v2\/comments?post=10952"}],"wp:featuredmedia":[{"embeddable":true,"href":"https:\/\/www.lacavedeslecteurs.com\/index.php\/wp-json\/wp\/v2\/media\/16528"}],"wp:attachment":[{"href":"https:\/\/www.lacavedeslecteurs.com\/index.php\/wp-json\/wp\/v2\/media?parent=10952"}],"wp:term":[{"taxonomy":"product_brand","embeddable":true,"href":"https:\/\/www.lacavedeslecteurs.com\/index.php\/wp-json\/wp\/v2\/product_brand?post=10952"},{"taxonomy":"product_cat","embeddable":true,"href":"https:\/\/www.lacavedeslecteurs.com\/index.php\/wp-json\/wp\/v2\/product_cat?post=10952"},{"taxonomy":"product_tag","embeddable":true,"href":"https:\/\/www.lacavedeslecteurs.com\/index.php\/wp-json\/wp\/v2\/product_tag?post=10952"}],"curies":[{"name":"wp","href":"https:\/\/api.w.org\/{rel}","templated":true}]}}