{"id":10954,"date":"2025-12-31T12:53:27","date_gmt":"2025-12-31T12:53:27","guid":{"rendered":"https:\/\/www.lacavedeslecteurs.com\/index.php\/product\/mas-del-perie-les-escures-biodynamie\/"},"modified":"2026-02-13T15:01:11","modified_gmt":"2026-02-13T15:01:11","slug":"mas-del-perie-les-escures-biodynamie","status":"publish","type":"product","link":"https:\/\/www.lacavedeslecteurs.com\/index.php\/product\/mas-del-perie-les-escures-biodynamie\/","title":{"rendered":"Mas Del Peri\u00e9 Les Escures BIOdynamie - 2020"},"content":{"rendered":"<p>Escures s\u00e9duit par sa puissance fruit\u00e9e, tandis qu&rsquo;Amphores r\u00e9v\u00e8le une structure imposante, propice \u00e0 la garde. Des vins convoit\u00e9s \u00e0 travers le monde pour leur excellence !<\/p>\n","protected":false},"excerpt":{"rendered":"<p>Escures s\u00e9duit par sa puissance fruit\u00e9e, tandis qu&rsquo;Amphores r\u00e9v\u00e8le une structure imposante, propice \u00e0 la garde. Des vins convoit\u00e9s \u00e0 travers le monde pour leur excellence !<\/p>\n","protected":false},"featured_media":16529,"comment_status":"open","ping_status":"closed","template":"","meta":[],"product_brand":[],"product_cat":[53,365,138,27],"product_tag":[],"class_list":{"0":"post-10954","1":"product","2":"type-product","3":"status-publish","4":"has-post-thumbnail","6":"product_cat-autres-terroirs","7":"product_cat-categorie","8":"product_cat-couleurs","9":"product_cat-rouge","11":"first","12":"instock","13":"sale","14":"taxable","15":"shipping-taxable","16":"purchasable","17":"product-type-simple"},"_links":{"self":[{"href":"https:\/\/www.lacavedeslecteurs.com\/index.php\/wp-json\/wp\/v2\/product\/10954","targetHints":{"allow":["GET"]}}],"collection":[{"href":"https:\/\/www.lacavedeslecteurs.com\/index.php\/wp-json\/wp\/v2\/product"}],"about":[{"href":"https:\/\/www.lacavedeslecteurs.com\/index.php\/wp-json\/wp\/v2\/types\/product"}],"replies":[{"embeddable":true,"href":"https:\/\/www.lacavedeslecteurs.com\/index.php\/wp-json\/wp\/v2\/comments?post=10954"}],"wp:featuredmedia":[{"embeddable":true,"href":"https:\/\/www.lacavedeslecteurs.com\/index.php\/wp-json\/wp\/v2\/media\/16529"}],"wp:attachment":[{"href":"https:\/\/www.lacavedeslecteurs.com\/index.php\/wp-json\/wp\/v2\/media?parent=10954"}],"wp:term":[{"taxonomy":"product_brand","embeddable":true,"href":"https:\/\/www.lacavedeslecteurs.com\/index.php\/wp-json\/wp\/v2\/product_brand?post=10954"},{"taxonomy":"product_cat","embeddable":true,"href":"https:\/\/www.lacavedeslecteurs.com\/index.php\/wp-json\/wp\/v2\/product_cat?post=10954"},{"taxonomy":"product_tag","embeddable":true,"href":"https:\/\/www.lacavedeslecteurs.com\/index.php\/wp-json\/wp\/v2\/product_tag?post=10954"}],"curies":[{"name":"wp","href":"https:\/\/api.w.org\/{rel}","templated":true}]}}