{"id":10960,"date":"2025-12-31T12:53:29","date_gmt":"2025-12-31T12:53:29","guid":{"rendered":"https:\/\/www.lacavedeslecteurs.com\/index.php\/product\/domaine-de-pellehaut-harmonie\/"},"modified":"2026-02-13T15:01:17","modified_gmt":"2026-02-13T15:01:17","slug":"domaine-de-pellehaut-harmonie","status":"publish","type":"product","link":"https:\/\/www.lacavedeslecteurs.com\/index.php\/product\/domaine-de-pellehaut-harmonie\/","title":{"rendered":"Domaine de Pellehaut Harmonie - 2021"},"content":{"rendered":"<p>Superbe terroir du Gers, \u00e0 180m d\u2019altitude, en c\u00f4teaux, o\u00f9 la polyculture est encore de rigueur. Harmonie de Gascogne rouge est un vin souple, fruit\u00e9 et m\u00fbr, m\u00ealant c\u00e9page traditionnel (tannat) aux c\u00e9pages  nobles (Syrah, Cabernet, Pinot noir). Ces deux vins, multi-m\u00e9daill\u00e9s chaque ann\u00e9e, connaissent un succ\u00e8s \u00ab fou \u00bb !<\/p>\n","protected":false},"excerpt":{"rendered":"<p>Superbe terroir du Gers, \u00e0 180m d\u2019altitude, en c\u00f4teaux, o\u00f9 la polyculture est encore de rigueur. Harmonie de Gascogne rouge est un vin souple, fruit\u00e9 et m\u00fbr, m\u00ealant c\u00e9page traditionnel (tannat) aux c\u00e9pages nobles (Syrah, Cabernet, Pinot noir). Ces deux vins, multi-m\u00e9daill\u00e9s chaque ann\u00e9e, connaissent un succ\u00e8s \u00ab fou \u00bb !<\/p>\n","protected":false},"featured_media":16532,"comment_status":"open","ping_status":"closed","template":"","meta":[],"product_brand":[],"product_cat":[53,365,138,27],"product_tag":[],"class_list":{"0":"post-10960","1":"product","2":"type-product","3":"status-publish","4":"has-post-thumbnail","6":"product_cat-autres-terroirs","7":"product_cat-categorie","8":"product_cat-couleurs","9":"product_cat-rouge","11":"first","12":"instock","13":"sale","14":"taxable","15":"shipping-taxable","16":"purchasable","17":"product-type-simple"},"_links":{"self":[{"href":"https:\/\/www.lacavedeslecteurs.com\/index.php\/wp-json\/wp\/v2\/product\/10960","targetHints":{"allow":["GET"]}}],"collection":[{"href":"https:\/\/www.lacavedeslecteurs.com\/index.php\/wp-json\/wp\/v2\/product"}],"about":[{"href":"https:\/\/www.lacavedeslecteurs.com\/index.php\/wp-json\/wp\/v2\/types\/product"}],"replies":[{"embeddable":true,"href":"https:\/\/www.lacavedeslecteurs.com\/index.php\/wp-json\/wp\/v2\/comments?post=10960"}],"wp:featuredmedia":[{"embeddable":true,"href":"https:\/\/www.lacavedeslecteurs.com\/index.php\/wp-json\/wp\/v2\/media\/16532"}],"wp:attachment":[{"href":"https:\/\/www.lacavedeslecteurs.com\/index.php\/wp-json\/wp\/v2\/media?parent=10960"}],"wp:term":[{"taxonomy":"product_brand","embeddable":true,"href":"https:\/\/www.lacavedeslecteurs.com\/index.php\/wp-json\/wp\/v2\/product_brand?post=10960"},{"taxonomy":"product_cat","embeddable":true,"href":"https:\/\/www.lacavedeslecteurs.com\/index.php\/wp-json\/wp\/v2\/product_cat?post=10960"},{"taxonomy":"product_tag","embeddable":true,"href":"https:\/\/www.lacavedeslecteurs.com\/index.php\/wp-json\/wp\/v2\/product_tag?post=10960"}],"curies":[{"name":"wp","href":"https:\/\/api.w.org\/{rel}","templated":true}]}}