{"id":10962,"date":"2025-12-31T12:53:30","date_gmt":"2025-12-31T12:53:30","guid":{"rendered":"https:\/\/www.lacavedeslecteurs.com\/index.php\/product\/chateau-lacapelle-cabanac-bio\/"},"modified":"2026-02-13T15:01:18","modified_gmt":"2026-02-13T15:01:18","slug":"chateau-lacapelle-cabanac-bio","status":"publish","type":"product","link":"https:\/\/www.lacavedeslecteurs.com\/index.php\/product\/chateau-lacapelle-cabanac-bio\/","title":{"rendered":"Ch\u00e2teau Lacapelle Cabanac Bio - 2022"},"content":{"rendered":"<p>C&rsquo;est un vin plus s\u00e9rieux qu&rsquo;il n&rsquo;y para\u00eet ! Le nez est \u00e9pic\u00e9, teint\u00e9 de fruit noir. La bouche est bien construite et s&rsquo;allonge sous l&rsquo;impulsion d&rsquo;une belle acidit\u00e9. Excellent rapport qualit\u00e9-prix dans cette appellation port\u00e9e par la mode du Malbec ! <\/p>\n","protected":false},"excerpt":{"rendered":"<p>C&rsquo;est un vin plus s\u00e9rieux qu&rsquo;il n&rsquo;y para\u00eet ! Le nez est \u00e9pic\u00e9, teint\u00e9 de fruit noir. La bouche est bien construite et s&rsquo;allonge sous l&rsquo;impulsion d&rsquo;une belle acidit\u00e9. Excellent rapport qualit\u00e9-prix dans cette appellation port\u00e9e par la mode du Malbec !<\/p>\n","protected":false},"featured_media":16533,"comment_status":"open","ping_status":"closed","template":"","meta":[],"product_brand":[],"product_cat":[53,365,138,27],"product_tag":[],"class_list":{"0":"post-10962","1":"product","2":"type-product","3":"status-publish","4":"has-post-thumbnail","6":"product_cat-autres-terroirs","7":"product_cat-categorie","8":"product_cat-couleurs","9":"product_cat-rouge","11":"first","12":"instock","13":"sale","14":"taxable","15":"shipping-taxable","16":"purchasable","17":"product-type-simple"},"_links":{"self":[{"href":"https:\/\/www.lacavedeslecteurs.com\/index.php\/wp-json\/wp\/v2\/product\/10962","targetHints":{"allow":["GET"]}}],"collection":[{"href":"https:\/\/www.lacavedeslecteurs.com\/index.php\/wp-json\/wp\/v2\/product"}],"about":[{"href":"https:\/\/www.lacavedeslecteurs.com\/index.php\/wp-json\/wp\/v2\/types\/product"}],"replies":[{"embeddable":true,"href":"https:\/\/www.lacavedeslecteurs.com\/index.php\/wp-json\/wp\/v2\/comments?post=10962"}],"wp:featuredmedia":[{"embeddable":true,"href":"https:\/\/www.lacavedeslecteurs.com\/index.php\/wp-json\/wp\/v2\/media\/16533"}],"wp:attachment":[{"href":"https:\/\/www.lacavedeslecteurs.com\/index.php\/wp-json\/wp\/v2\/media?parent=10962"}],"wp:term":[{"taxonomy":"product_brand","embeddable":true,"href":"https:\/\/www.lacavedeslecteurs.com\/index.php\/wp-json\/wp\/v2\/product_brand?post=10962"},{"taxonomy":"product_cat","embeddable":true,"href":"https:\/\/www.lacavedeslecteurs.com\/index.php\/wp-json\/wp\/v2\/product_cat?post=10962"},{"taxonomy":"product_tag","embeddable":true,"href":"https:\/\/www.lacavedeslecteurs.com\/index.php\/wp-json\/wp\/v2\/product_tag?post=10962"}],"curies":[{"name":"wp","href":"https:\/\/api.w.org\/{rel}","templated":true}]}}