{"id":10972,"date":"2025-12-31T12:53:35","date_gmt":"2025-12-31T12:53:35","guid":{"rendered":"https:\/\/www.lacavedeslecteurs.com\/index.php\/product\/domaine-dardhuy-les-peuillets\/"},"modified":"2026-02-13T15:08:46","modified_gmt":"2026-02-13T15:08:46","slug":"domaine-dardhuy-les-peuillets","status":"publish","type":"product","link":"https:\/\/www.lacavedeslecteurs.com\/index.php\/product\/domaine-dardhuy-les-peuillets\/","title":{"rendered":"Domaine d&rsquo;Ardhuy Les Peuillets - 2019"},"content":{"rendered":"<p>Un toucher de bouche exceptionnel, secret de fabrication de ce domaine encore sous-estim\u00e9. La bouche est gourmande, ronde, \u00e9l\u00e9gante avec des notes fruit\u00e9es et d&rsquo;\u00e9pices (r\u00e9glisse, vanille). Un soyeux fabuleux \u00e0 ce niveau de prix abordable.<\/p>\n","protected":false},"excerpt":{"rendered":"<p>Un toucher de bouche exceptionnel, secret de fabrication de ce domaine encore sous-estim\u00e9. La bouche est gourmande, ronde, \u00e9l\u00e9gante avec des notes fruit\u00e9es et d&rsquo;\u00e9pices (r\u00e9glisse, vanille). Un soyeux fabuleux \u00e0 ce niveau de prix abordable.<\/p>\n","protected":false},"featured_media":16678,"comment_status":"open","ping_status":"closed","template":"","meta":[],"product_brand":[],"product_cat":[21,365,138,27],"product_tag":[],"class_list":{"0":"post-10972","1":"product","2":"type-product","3":"status-publish","4":"has-post-thumbnail","6":"product_cat-bourgogne","7":"product_cat-categorie","8":"product_cat-couleurs","9":"product_cat-rouge","11":"first","12":"instock","13":"sale","14":"taxable","15":"shipping-taxable","16":"purchasable","17":"product-type-simple"},"_links":{"self":[{"href":"https:\/\/www.lacavedeslecteurs.com\/index.php\/wp-json\/wp\/v2\/product\/10972","targetHints":{"allow":["GET"]}}],"collection":[{"href":"https:\/\/www.lacavedeslecteurs.com\/index.php\/wp-json\/wp\/v2\/product"}],"about":[{"href":"https:\/\/www.lacavedeslecteurs.com\/index.php\/wp-json\/wp\/v2\/types\/product"}],"replies":[{"embeddable":true,"href":"https:\/\/www.lacavedeslecteurs.com\/index.php\/wp-json\/wp\/v2\/comments?post=10972"}],"wp:featuredmedia":[{"embeddable":true,"href":"https:\/\/www.lacavedeslecteurs.com\/index.php\/wp-json\/wp\/v2\/media\/16678"}],"wp:attachment":[{"href":"https:\/\/www.lacavedeslecteurs.com\/index.php\/wp-json\/wp\/v2\/media?parent=10972"}],"wp:term":[{"taxonomy":"product_brand","embeddable":true,"href":"https:\/\/www.lacavedeslecteurs.com\/index.php\/wp-json\/wp\/v2\/product_brand?post=10972"},{"taxonomy":"product_cat","embeddable":true,"href":"https:\/\/www.lacavedeslecteurs.com\/index.php\/wp-json\/wp\/v2\/product_cat?post=10972"},{"taxonomy":"product_tag","embeddable":true,"href":"https:\/\/www.lacavedeslecteurs.com\/index.php\/wp-json\/wp\/v2\/product_tag?post=10972"}],"curies":[{"name":"wp","href":"https:\/\/api.w.org\/{rel}","templated":true}]}}