{"id":10973,"date":"2025-12-31T12:53:35","date_gmt":"2025-12-31T12:53:35","guid":{"rendered":"https:\/\/www.lacavedeslecteurs.com\/index.php\/product\/domaine-philippe-gilbert-bio\/"},"modified":"2026-02-13T15:35:38","modified_gmt":"2026-02-13T15:35:38","slug":"domaine-philippe-gilbert-bio","status":"publish","type":"product","link":"https:\/\/www.lacavedeslecteurs.com\/index.php\/product\/domaine-philippe-gilbert-bio\/","title":{"rendered":"Domaine Philippe Gilbert BIO - 2022"},"content":{"rendered":"<p>Le reflet min\u00e9ral des terroirs argilo-calcaire, silex et caillottes. Un fruit d\u00e9licat et cisel\u00e9, une fra\u00eecheur qui dure. Un chef d&rsquo;\u0153uvre par un auteur, Philippe Gilbert, d\u00e9sormais reconnu.<\/p>\n","protected":false},"excerpt":{"rendered":"<p>Le reflet min\u00e9ral des terroirs argilo-calcaire, silex et caillottes. Un fruit d\u00e9licat et cisel\u00e9, une fra\u00eecheur qui dure. Un chef d&rsquo;\u0153uvre par un auteur, Philippe Gilbert, d\u00e9sormais reconnu.<\/p>\n","protected":false},"featured_media":16922,"comment_status":"open","ping_status":"closed","template":"","meta":[],"product_brand":[],"product_cat":[41,365,138,121],"product_tag":[],"class_list":{"0":"post-10973","1":"product","2":"type-product","3":"status-publish","4":"has-post-thumbnail","6":"product_cat-blanc","7":"product_cat-categorie","8":"product_cat-couleurs","9":"product_cat-loire","11":"first","12":"instock","13":"sale","14":"taxable","15":"shipping-taxable","16":"purchasable","17":"product-type-simple"},"_links":{"self":[{"href":"https:\/\/www.lacavedeslecteurs.com\/index.php\/wp-json\/wp\/v2\/product\/10973","targetHints":{"allow":["GET"]}}],"collection":[{"href":"https:\/\/www.lacavedeslecteurs.com\/index.php\/wp-json\/wp\/v2\/product"}],"about":[{"href":"https:\/\/www.lacavedeslecteurs.com\/index.php\/wp-json\/wp\/v2\/types\/product"}],"replies":[{"embeddable":true,"href":"https:\/\/www.lacavedeslecteurs.com\/index.php\/wp-json\/wp\/v2\/comments?post=10973"}],"wp:featuredmedia":[{"embeddable":true,"href":"https:\/\/www.lacavedeslecteurs.com\/index.php\/wp-json\/wp\/v2\/media\/16922"}],"wp:attachment":[{"href":"https:\/\/www.lacavedeslecteurs.com\/index.php\/wp-json\/wp\/v2\/media?parent=10973"}],"wp:term":[{"taxonomy":"product_brand","embeddable":true,"href":"https:\/\/www.lacavedeslecteurs.com\/index.php\/wp-json\/wp\/v2\/product_brand?post=10973"},{"taxonomy":"product_cat","embeddable":true,"href":"https:\/\/www.lacavedeslecteurs.com\/index.php\/wp-json\/wp\/v2\/product_cat?post=10973"},{"taxonomy":"product_tag","embeddable":true,"href":"https:\/\/www.lacavedeslecteurs.com\/index.php\/wp-json\/wp\/v2\/product_tag?post=10973"}],"curies":[{"name":"wp","href":"https:\/\/api.w.org\/{rel}","templated":true}]}}