{"id":10975,"date":"2025-12-31T12:53:38","date_gmt":"2025-12-31T12:53:38","guid":{"rendered":"https:\/\/www.lacavedeslecteurs.com\/index.php\/product\/domaine-francois-chidaine-les-bournais-biodynamie\/"},"modified":"2026-02-13T15:03:38","modified_gmt":"2026-02-13T15:03:38","slug":"domaine-francois-chidaine-les-bournais-biodynamie","status":"publish","type":"product","link":"https:\/\/www.lacavedeslecteurs.com\/index.php\/product\/domaine-francois-chidaine-les-bournais-biodynamie\/","title":{"rendered":"Domaine Francois Chidaine Les Bournais Biodynamie - 2021"},"content":{"rendered":"<p>La magie du Chenin blanc sur des calcaires tendres de Tuffeau par l&rsquo;un des plus grands vignerons de Touraine dont les vins sont pr\u00e9sents dans la plupart des \u00e9toil\u00e9s de France. Port\u00e9 d&rsquo;une grande \u00e9nergie et la concentration du fruit est telle que le d\u00e9gustateur en reste pantois !<\/p>\n","protected":false},"excerpt":{"rendered":"<p>La magie du Chenin blanc sur des calcaires tendres de Tuffeau par l&rsquo;un des plus grands vignerons de Touraine dont les vins sont pr\u00e9sents dans la plupart des \u00e9toil\u00e9s de France. Port\u00e9 d&rsquo;une grande \u00e9nergie et la concentration du fruit est telle que le d\u00e9gustateur en reste pantois !<\/p>\n","protected":false},"featured_media":16539,"comment_status":"open","ping_status":"closed","template":"","meta":[],"product_brand":[],"product_cat":[53,41,365,138],"product_tag":[],"class_list":{"0":"post-10975","1":"product","2":"type-product","3":"status-publish","4":"has-post-thumbnail","6":"product_cat-autres-terroirs","7":"product_cat-blanc","8":"product_cat-categorie","9":"product_cat-couleurs","11":"first","12":"instock","13":"sale","14":"taxable","15":"shipping-taxable","16":"purchasable","17":"product-type-simple"},"_links":{"self":[{"href":"https:\/\/www.lacavedeslecteurs.com\/index.php\/wp-json\/wp\/v2\/product\/10975","targetHints":{"allow":["GET"]}}],"collection":[{"href":"https:\/\/www.lacavedeslecteurs.com\/index.php\/wp-json\/wp\/v2\/product"}],"about":[{"href":"https:\/\/www.lacavedeslecteurs.com\/index.php\/wp-json\/wp\/v2\/types\/product"}],"replies":[{"embeddable":true,"href":"https:\/\/www.lacavedeslecteurs.com\/index.php\/wp-json\/wp\/v2\/comments?post=10975"}],"wp:featuredmedia":[{"embeddable":true,"href":"https:\/\/www.lacavedeslecteurs.com\/index.php\/wp-json\/wp\/v2\/media\/16539"}],"wp:attachment":[{"href":"https:\/\/www.lacavedeslecteurs.com\/index.php\/wp-json\/wp\/v2\/media?parent=10975"}],"wp:term":[{"taxonomy":"product_brand","embeddable":true,"href":"https:\/\/www.lacavedeslecteurs.com\/index.php\/wp-json\/wp\/v2\/product_brand?post=10975"},{"taxonomy":"product_cat","embeddable":true,"href":"https:\/\/www.lacavedeslecteurs.com\/index.php\/wp-json\/wp\/v2\/product_cat?post=10975"},{"taxonomy":"product_tag","embeddable":true,"href":"https:\/\/www.lacavedeslecteurs.com\/index.php\/wp-json\/wp\/v2\/product_tag?post=10975"}],"curies":[{"name":"wp","href":"https:\/\/api.w.org\/{rel}","templated":true}]}}