{"id":10977,"date":"2025-12-31T12:53:39","date_gmt":"2025-12-31T12:53:39","guid":{"rendered":"https:\/\/www.lacavedeslecteurs.com\/index.php\/product\/domaine-striffling\/"},"modified":"2026-02-13T15:03:39","modified_gmt":"2026-02-13T15:03:39","slug":"domaine-striffling","status":"publish","type":"product","link":"https:\/\/www.lacavedeslecteurs.com\/index.php\/product\/domaine-striffling\/","title":{"rendered":"Domaine Striffling - 2015"},"content":{"rendered":"<p>Vignoble familial depuis 1678, c\u2019est aujourd\u2019hui Guillaume Striffling qui a les clefs du domaine. Soucieux de la nature, les vignes sont travaill\u00e9es avec du bon sens, pour le plus grand respect de l\u2019environnement et des sols. C\u00f4t\u00e9 cave, les vins sont travaill\u00e9s avec une approche biodynamique. Mac\u00e9ration traditionnelle et mac\u00e9rations longues donnent des vins de caract\u00e8re. <\/p>\n","protected":false},"excerpt":{"rendered":"<p>Vignoble familial depuis 1678, c\u2019est aujourd\u2019hui Guillaume Striffling qui a les clefs du domaine. Soucieux de la nature, les vignes sont travaill\u00e9es avec du bon sens, pour le plus grand respect de l\u2019environnement et des sols. C\u00f4t\u00e9 cave, les vins sont travaill\u00e9s avec une approche biodynamique. Mac\u00e9ration traditionnelle et mac\u00e9rations longues donnent des vins de [&hellip;]<\/p>\n","protected":false},"featured_media":16540,"comment_status":"open","ping_status":"closed","template":"","meta":[],"product_brand":[],"product_cat":[53,365,138,27],"product_tag":[],"class_list":{"0":"post-10977","1":"product","2":"type-product","3":"status-publish","4":"has-post-thumbnail","6":"product_cat-autres-terroirs","7":"product_cat-categorie","8":"product_cat-couleurs","9":"product_cat-rouge","11":"first","12":"instock","13":"sale","14":"taxable","15":"shipping-taxable","16":"purchasable","17":"product-type-simple"},"_links":{"self":[{"href":"https:\/\/www.lacavedeslecteurs.com\/index.php\/wp-json\/wp\/v2\/product\/10977","targetHints":{"allow":["GET"]}}],"collection":[{"href":"https:\/\/www.lacavedeslecteurs.com\/index.php\/wp-json\/wp\/v2\/product"}],"about":[{"href":"https:\/\/www.lacavedeslecteurs.com\/index.php\/wp-json\/wp\/v2\/types\/product"}],"replies":[{"embeddable":true,"href":"https:\/\/www.lacavedeslecteurs.com\/index.php\/wp-json\/wp\/v2\/comments?post=10977"}],"wp:featuredmedia":[{"embeddable":true,"href":"https:\/\/www.lacavedeslecteurs.com\/index.php\/wp-json\/wp\/v2\/media\/16540"}],"wp:attachment":[{"href":"https:\/\/www.lacavedeslecteurs.com\/index.php\/wp-json\/wp\/v2\/media?parent=10977"}],"wp:term":[{"taxonomy":"product_brand","embeddable":true,"href":"https:\/\/www.lacavedeslecteurs.com\/index.php\/wp-json\/wp\/v2\/product_brand?post=10977"},{"taxonomy":"product_cat","embeddable":true,"href":"https:\/\/www.lacavedeslecteurs.com\/index.php\/wp-json\/wp\/v2\/product_cat?post=10977"},{"taxonomy":"product_tag","embeddable":true,"href":"https:\/\/www.lacavedeslecteurs.com\/index.php\/wp-json\/wp\/v2\/product_tag?post=10977"}],"curies":[{"name":"wp","href":"https:\/\/api.w.org\/{rel}","templated":true}]}}