{"id":10982,"date":"2025-12-31T12:53:42","date_gmt":"2025-12-31T12:53:42","guid":{"rendered":"https:\/\/www.lacavedeslecteurs.com\/index.php\/product\/domaine-de-la-roche-du-py-cote-de-py-reserve\/"},"modified":"2026-02-13T15:03:43","modified_gmt":"2026-02-13T15:03:43","slug":"domaine-de-la-roche-du-py-cote-de-py-reserve","status":"publish","type":"product","link":"https:\/\/www.lacavedeslecteurs.com\/index.php\/product\/domaine-de-la-roche-du-py-cote-de-py-reserve\/","title":{"rendered":"Domaine de La Roche du Py C\u00f4te de Py R\u00e9serve - 2021"},"content":{"rendered":"<p>On est s\u00e9duit par la profondeur du C\u00f4te du Py, qui donne l\u2019impression de respirer les pierres chaudes et les volcans. La bouche est serr\u00e9e, avec des tanins \u00e9tir\u00e9s. La finale de ce vin de grande garde \u00e9voque les agrumes et les fruits bleus.\u00a0\u00bb Guide vert 2021 La Revue du vin de France.<\/p>\n","protected":false},"excerpt":{"rendered":"<p>On est s\u00e9duit par la profondeur du C\u00f4te du Py, qui donne l\u2019impression de respirer les pierres chaudes et les volcans. La bouche est serr\u00e9e, avec des tanins \u00e9tir\u00e9s. La finale de ce vin de grande garde \u00e9voque les agrumes et les fruits bleus.\u00a0\u00bb Guide vert 2021 La Revue du vin de France.<\/p>\n","protected":false},"featured_media":16543,"comment_status":"open","ping_status":"closed","template":"","meta":[],"product_brand":[],"product_cat":[53,365,138,27],"product_tag":[],"class_list":{"0":"post-10982","1":"product","2":"type-product","3":"status-publish","4":"has-post-thumbnail","6":"product_cat-autres-terroirs","7":"product_cat-categorie","8":"product_cat-couleurs","9":"product_cat-rouge","11":"first","12":"instock","13":"sale","14":"taxable","15":"shipping-taxable","16":"purchasable","17":"product-type-simple"},"_links":{"self":[{"href":"https:\/\/www.lacavedeslecteurs.com\/index.php\/wp-json\/wp\/v2\/product\/10982","targetHints":{"allow":["GET"]}}],"collection":[{"href":"https:\/\/www.lacavedeslecteurs.com\/index.php\/wp-json\/wp\/v2\/product"}],"about":[{"href":"https:\/\/www.lacavedeslecteurs.com\/index.php\/wp-json\/wp\/v2\/types\/product"}],"replies":[{"embeddable":true,"href":"https:\/\/www.lacavedeslecteurs.com\/index.php\/wp-json\/wp\/v2\/comments?post=10982"}],"wp:featuredmedia":[{"embeddable":true,"href":"https:\/\/www.lacavedeslecteurs.com\/index.php\/wp-json\/wp\/v2\/media\/16543"}],"wp:attachment":[{"href":"https:\/\/www.lacavedeslecteurs.com\/index.php\/wp-json\/wp\/v2\/media?parent=10982"}],"wp:term":[{"taxonomy":"product_brand","embeddable":true,"href":"https:\/\/www.lacavedeslecteurs.com\/index.php\/wp-json\/wp\/v2\/product_brand?post=10982"},{"taxonomy":"product_cat","embeddable":true,"href":"https:\/\/www.lacavedeslecteurs.com\/index.php\/wp-json\/wp\/v2\/product_cat?post=10982"},{"taxonomy":"product_tag","embeddable":true,"href":"https:\/\/www.lacavedeslecteurs.com\/index.php\/wp-json\/wp\/v2\/product_tag?post=10982"}],"curies":[{"name":"wp","href":"https:\/\/api.w.org\/{rel}","templated":true}]}}