{"id":10984,"date":"2025-12-31T12:53:43","date_gmt":"2025-12-31T12:53:43","guid":{"rendered":"https:\/\/www.lacavedeslecteurs.com\/index.php\/product\/domaine-des-rabichattes-les-loges\/"},"modified":"2026-02-13T15:03:45","modified_gmt":"2026-02-13T15:03:45","slug":"domaine-des-rabichattes-les-loges","status":"publish","type":"product","link":"https:\/\/www.lacavedeslecteurs.com\/index.php\/product\/domaine-des-rabichattes-les-loges\/","title":{"rendered":"Domaine des Rabichattes Les Loges - 2022"},"content":{"rendered":"<p>Cette cuv\u00e9e tradition est issue d\u2019un assemblage d\u2019une trentaine de parcelles aux sols argilo-calcaire et de marnes kimm\u00e9ridgiennes. Une grande min\u00e9ralit\u00e9 et des ar\u00f4mes d\u2019agrumes caract\u00e9risent, ann\u00e9e apr\u00e8s ann\u00e9e, cette cuv\u00e9e.<\/p>\n","protected":false},"excerpt":{"rendered":"<p>Cette cuv\u00e9e tradition est issue d\u2019un assemblage d\u2019une trentaine de parcelles aux sols argilo-calcaire et de marnes kimm\u00e9ridgiennes. Une grande min\u00e9ralit\u00e9 et des ar\u00f4mes d\u2019agrumes caract\u00e9risent, ann\u00e9e apr\u00e8s ann\u00e9e, cette cuv\u00e9e.<\/p>\n","protected":false},"featured_media":16544,"comment_status":"open","ping_status":"closed","template":"","meta":[],"product_brand":[],"product_cat":[53,41,365,138],"product_tag":[],"class_list":{"0":"post-10984","1":"product","2":"type-product","3":"status-publish","4":"has-post-thumbnail","6":"product_cat-autres-terroirs","7":"product_cat-blanc","8":"product_cat-categorie","9":"product_cat-couleurs","11":"first","12":"instock","13":"sale","14":"taxable","15":"shipping-taxable","16":"purchasable","17":"product-type-simple"},"_links":{"self":[{"href":"https:\/\/www.lacavedeslecteurs.com\/index.php\/wp-json\/wp\/v2\/product\/10984","targetHints":{"allow":["GET"]}}],"collection":[{"href":"https:\/\/www.lacavedeslecteurs.com\/index.php\/wp-json\/wp\/v2\/product"}],"about":[{"href":"https:\/\/www.lacavedeslecteurs.com\/index.php\/wp-json\/wp\/v2\/types\/product"}],"replies":[{"embeddable":true,"href":"https:\/\/www.lacavedeslecteurs.com\/index.php\/wp-json\/wp\/v2\/comments?post=10984"}],"wp:featuredmedia":[{"embeddable":true,"href":"https:\/\/www.lacavedeslecteurs.com\/index.php\/wp-json\/wp\/v2\/media\/16544"}],"wp:attachment":[{"href":"https:\/\/www.lacavedeslecteurs.com\/index.php\/wp-json\/wp\/v2\/media?parent=10984"}],"wp:term":[{"taxonomy":"product_brand","embeddable":true,"href":"https:\/\/www.lacavedeslecteurs.com\/index.php\/wp-json\/wp\/v2\/product_brand?post=10984"},{"taxonomy":"product_cat","embeddable":true,"href":"https:\/\/www.lacavedeslecteurs.com\/index.php\/wp-json\/wp\/v2\/product_cat?post=10984"},{"taxonomy":"product_tag","embeddable":true,"href":"https:\/\/www.lacavedeslecteurs.com\/index.php\/wp-json\/wp\/v2\/product_tag?post=10984"}],"curies":[{"name":"wp","href":"https:\/\/api.w.org\/{rel}","templated":true}]}}