{"id":10988,"date":"2025-12-31T12:53:44","date_gmt":"2025-12-31T12:53:44","guid":{"rendered":"https:\/\/www.lacavedeslecteurs.com\/index.php\/product\/domaine-jonathan-didier-pabiot-cuvee-leon-bio\/"},"modified":"2026-02-13T15:03:47","modified_gmt":"2026-02-13T15:03:47","slug":"domaine-jonathan-didier-pabiot-cuvee-leon-bio","status":"publish","type":"product","link":"https:\/\/www.lacavedeslecteurs.com\/index.php\/product\/domaine-jonathan-didier-pabiot-cuvee-leon-bio\/","title":{"rendered":"Domaine Jonathan Didier Pabiot Cuv\u00e9e L\u00e9on BIO - 2020"},"content":{"rendered":"<p>Domaine qui monte, en biodynamie. Des terroirs calcaires d\u2019exception sont \u00e0 l\u2019origine de la min\u00e9ralit\u00e9 typique. La proximit\u00e9 de la Loire procure un microclimat unique. Des vins purs, droits et d\u00e9licatement fruit\u00e9s.<\/p>\n","protected":false},"excerpt":{"rendered":"<p>Domaine qui monte, en biodynamie. Des terroirs calcaires d\u2019exception sont \u00e0 l\u2019origine de la min\u00e9ralit\u00e9 typique. La proximit\u00e9 de la Loire procure un microclimat unique. Des vins purs, droits et d\u00e9licatement fruit\u00e9s.<\/p>\n","protected":false},"featured_media":16546,"comment_status":"open","ping_status":"closed","template":"","meta":[],"product_brand":[],"product_cat":[53,41,365,138],"product_tag":[],"class_list":{"0":"post-10988","1":"product","2":"type-product","3":"status-publish","4":"has-post-thumbnail","6":"product_cat-autres-terroirs","7":"product_cat-blanc","8":"product_cat-categorie","9":"product_cat-couleurs","11":"first","12":"instock","13":"sale","14":"taxable","15":"shipping-taxable","16":"purchasable","17":"product-type-simple"},"_links":{"self":[{"href":"https:\/\/www.lacavedeslecteurs.com\/index.php\/wp-json\/wp\/v2\/product\/10988","targetHints":{"allow":["GET"]}}],"collection":[{"href":"https:\/\/www.lacavedeslecteurs.com\/index.php\/wp-json\/wp\/v2\/product"}],"about":[{"href":"https:\/\/www.lacavedeslecteurs.com\/index.php\/wp-json\/wp\/v2\/types\/product"}],"replies":[{"embeddable":true,"href":"https:\/\/www.lacavedeslecteurs.com\/index.php\/wp-json\/wp\/v2\/comments?post=10988"}],"wp:featuredmedia":[{"embeddable":true,"href":"https:\/\/www.lacavedeslecteurs.com\/index.php\/wp-json\/wp\/v2\/media\/16546"}],"wp:attachment":[{"href":"https:\/\/www.lacavedeslecteurs.com\/index.php\/wp-json\/wp\/v2\/media?parent=10988"}],"wp:term":[{"taxonomy":"product_brand","embeddable":true,"href":"https:\/\/www.lacavedeslecteurs.com\/index.php\/wp-json\/wp\/v2\/product_brand?post=10988"},{"taxonomy":"product_cat","embeddable":true,"href":"https:\/\/www.lacavedeslecteurs.com\/index.php\/wp-json\/wp\/v2\/product_cat?post=10988"},{"taxonomy":"product_tag","embeddable":true,"href":"https:\/\/www.lacavedeslecteurs.com\/index.php\/wp-json\/wp\/v2\/product_tag?post=10988"}],"curies":[{"name":"wp","href":"https:\/\/api.w.org\/{rel}","templated":true}]}}