{"id":10990,"date":"2025-12-31T12:53:44","date_gmt":"2025-12-31T12:53:44","guid":{"rendered":"https:\/\/www.lacavedeslecteurs.com\/index.php\/product\/domaine-lucien-crochet-la-croix-du-roy\/"},"modified":"2026-02-13T15:03:49","modified_gmt":"2026-02-13T15:03:49","slug":"domaine-lucien-crochet-la-croix-du-roy","status":"publish","type":"product","link":"https:\/\/www.lacavedeslecteurs.com\/index.php\/product\/domaine-lucien-crochet-la-croix-du-roy\/","title":{"rendered":"Domaine Lucien Crochet La Croix Du Roy - 2016"},"content":{"rendered":"<p>Si vous \u00eates un amateur de p\u00e9pites et d\u2019expression pure du terroir, les vins de Lucien Crochet ne peuvent que vous faire saliver. Un pinot noir \u00e9l\u00e9gant, complexe et fin avec un toucher soyeux et un bel \u00e9quilibre.<\/p>\n","protected":false},"excerpt":{"rendered":"<p>Si vous \u00eates un amateur de p\u00e9pites et d\u2019expression pure du terroir, les vins de Lucien Crochet ne peuvent que vous faire saliver. Un pinot noir \u00e9l\u00e9gant, complexe et fin avec un toucher soyeux et un bel \u00e9quilibre.<\/p>\n","protected":false},"featured_media":16547,"comment_status":"open","ping_status":"closed","template":"","meta":[],"product_brand":[],"product_cat":[53,365,138,27],"product_tag":[],"class_list":{"0":"post-10990","1":"product","2":"type-product","3":"status-publish","4":"has-post-thumbnail","6":"product_cat-autres-terroirs","7":"product_cat-categorie","8":"product_cat-couleurs","9":"product_cat-rouge","11":"first","12":"instock","13":"sale","14":"taxable","15":"shipping-taxable","16":"purchasable","17":"product-type-simple"},"_links":{"self":[{"href":"https:\/\/www.lacavedeslecteurs.com\/index.php\/wp-json\/wp\/v2\/product\/10990","targetHints":{"allow":["GET"]}}],"collection":[{"href":"https:\/\/www.lacavedeslecteurs.com\/index.php\/wp-json\/wp\/v2\/product"}],"about":[{"href":"https:\/\/www.lacavedeslecteurs.com\/index.php\/wp-json\/wp\/v2\/types\/product"}],"replies":[{"embeddable":true,"href":"https:\/\/www.lacavedeslecteurs.com\/index.php\/wp-json\/wp\/v2\/comments?post=10990"}],"wp:featuredmedia":[{"embeddable":true,"href":"https:\/\/www.lacavedeslecteurs.com\/index.php\/wp-json\/wp\/v2\/media\/16547"}],"wp:attachment":[{"href":"https:\/\/www.lacavedeslecteurs.com\/index.php\/wp-json\/wp\/v2\/media?parent=10990"}],"wp:term":[{"taxonomy":"product_brand","embeddable":true,"href":"https:\/\/www.lacavedeslecteurs.com\/index.php\/wp-json\/wp\/v2\/product_brand?post=10990"},{"taxonomy":"product_cat","embeddable":true,"href":"https:\/\/www.lacavedeslecteurs.com\/index.php\/wp-json\/wp\/v2\/product_cat?post=10990"},{"taxonomy":"product_tag","embeddable":true,"href":"https:\/\/www.lacavedeslecteurs.com\/index.php\/wp-json\/wp\/v2\/product_tag?post=10990"}],"curies":[{"name":"wp","href":"https:\/\/api.w.org\/{rel}","templated":true}]}}