{"id":10994,"date":"2025-12-31T12:53:46","date_gmt":"2025-12-31T12:53:46","guid":{"rendered":"https:\/\/www.lacavedeslecteurs.com\/index.php\/product\/domaine-alphonse-mellot-la-moussiere-bio\/"},"modified":"2026-02-13T15:03:54","modified_gmt":"2026-02-13T15:03:54","slug":"domaine-alphonse-mellot-la-moussiere-bio","status":"publish","type":"product","link":"https:\/\/www.lacavedeslecteurs.com\/index.php\/product\/domaine-alphonse-mellot-la-moussiere-bio\/","title":{"rendered":"Domaine Alphonse Mellot La Moussi\u00e8re Bio - 2022"},"content":{"rendered":"<p>Terroir ancestral du \u00ab Domaine La Moussi\u00e8re \u00bb de pr\u00e8s de 30 hectares. Sa qualit\u00e9 exceptionnelle lui a valu d&rsquo;\u00eatre le seul en Sancerrois \u00e0 b\u00e9n\u00e9ficier de la mention prestigieuse \u00ab\u00a0hors concours\u00a0\u00bb. Un vin superbe au fruit tendu et croquant enrob\u00e9 dans une mati\u00e8re soyeuse. Impressionnant !<\/p>\n","protected":false},"excerpt":{"rendered":"<p>Terroir ancestral du \u00ab Domaine La Moussi\u00e8re \u00bb de pr\u00e8s de 30 hectares. Sa qualit\u00e9 exceptionnelle lui a valu d&rsquo;\u00eatre le seul en Sancerrois \u00e0 b\u00e9n\u00e9ficier de la mention prestigieuse \u00ab\u00a0hors concours\u00a0\u00bb. Un vin superbe au fruit tendu et croquant enrob\u00e9 dans une mati\u00e8re soyeuse. Impressionnant !<\/p>\n","protected":false},"featured_media":16549,"comment_status":"open","ping_status":"closed","template":"","meta":[],"product_brand":[],"product_cat":[53,41,365,138],"product_tag":[],"class_list":{"0":"post-10994","1":"product","2":"type-product","3":"status-publish","4":"has-post-thumbnail","6":"product_cat-autres-terroirs","7":"product_cat-blanc","8":"product_cat-categorie","9":"product_cat-couleurs","11":"first","12":"instock","13":"sale","14":"taxable","15":"shipping-taxable","16":"purchasable","17":"product-type-simple"},"_links":{"self":[{"href":"https:\/\/www.lacavedeslecteurs.com\/index.php\/wp-json\/wp\/v2\/product\/10994","targetHints":{"allow":["GET"]}}],"collection":[{"href":"https:\/\/www.lacavedeslecteurs.com\/index.php\/wp-json\/wp\/v2\/product"}],"about":[{"href":"https:\/\/www.lacavedeslecteurs.com\/index.php\/wp-json\/wp\/v2\/types\/product"}],"replies":[{"embeddable":true,"href":"https:\/\/www.lacavedeslecteurs.com\/index.php\/wp-json\/wp\/v2\/comments?post=10994"}],"wp:featuredmedia":[{"embeddable":true,"href":"https:\/\/www.lacavedeslecteurs.com\/index.php\/wp-json\/wp\/v2\/media\/16549"}],"wp:attachment":[{"href":"https:\/\/www.lacavedeslecteurs.com\/index.php\/wp-json\/wp\/v2\/media?parent=10994"}],"wp:term":[{"taxonomy":"product_brand","embeddable":true,"href":"https:\/\/www.lacavedeslecteurs.com\/index.php\/wp-json\/wp\/v2\/product_brand?post=10994"},{"taxonomy":"product_cat","embeddable":true,"href":"https:\/\/www.lacavedeslecteurs.com\/index.php\/wp-json\/wp\/v2\/product_cat?post=10994"},{"taxonomy":"product_tag","embeddable":true,"href":"https:\/\/www.lacavedeslecteurs.com\/index.php\/wp-json\/wp\/v2\/product_tag?post=10994"}],"curies":[{"name":"wp","href":"https:\/\/api.w.org\/{rel}","templated":true}]}}