{"id":11004,"date":"2025-12-31T12:53:52","date_gmt":"2025-12-31T12:53:52","guid":{"rendered":"https:\/\/www.lacavedeslecteurs.com\/index.php\/product\/domaine-thierry-germain-cuvee-terres-chaudes-bio\/"},"modified":"2026-02-13T15:04:06","modified_gmt":"2026-02-13T15:04:06","slug":"domaine-thierry-germain-cuvee-terres-chaudes-bio","status":"publish","type":"product","link":"https:\/\/www.lacavedeslecteurs.com\/index.php\/product\/domaine-thierry-germain-cuvee-terres-chaudes-bio\/","title":{"rendered":"Domaine Thierry Germain Cuv\u00e9e Terres Chaudes BIO - 2018"},"content":{"rendered":"<p>L&rsquo;une des meilleures r\u00e9f\u00e9rences en Biodynamie en Loire depuis 20 ans ! Un cabernet franc sinc\u00e8re, aux fruits m\u00fbrs et intenses. Belle structure aux tanins \u00e9l\u00e9gants et int\u00e9gr\u00e9s. De la longueur pour un agneau de 7 heures !<\/p>\n","protected":false},"excerpt":{"rendered":"<p>L&rsquo;une des meilleures r\u00e9f\u00e9rences en Biodynamie en Loire depuis 20 ans ! Un cabernet franc sinc\u00e8re, aux fruits m\u00fbrs et intenses. Belle structure aux tanins \u00e9l\u00e9gants et int\u00e9gr\u00e9s. De la longueur pour un agneau de 7 heures !<\/p>\n","protected":false},"featured_media":16554,"comment_status":"open","ping_status":"closed","template":"","meta":[],"product_brand":[],"product_cat":[53,365,138,27],"product_tag":[],"class_list":{"0":"post-11004","1":"product","2":"type-product","3":"status-publish","4":"has-post-thumbnail","6":"product_cat-autres-terroirs","7":"product_cat-categorie","8":"product_cat-couleurs","9":"product_cat-rouge","11":"first","12":"instock","13":"sale","14":"taxable","15":"shipping-taxable","16":"purchasable","17":"product-type-simple"},"_links":{"self":[{"href":"https:\/\/www.lacavedeslecteurs.com\/index.php\/wp-json\/wp\/v2\/product\/11004","targetHints":{"allow":["GET"]}}],"collection":[{"href":"https:\/\/www.lacavedeslecteurs.com\/index.php\/wp-json\/wp\/v2\/product"}],"about":[{"href":"https:\/\/www.lacavedeslecteurs.com\/index.php\/wp-json\/wp\/v2\/types\/product"}],"replies":[{"embeddable":true,"href":"https:\/\/www.lacavedeslecteurs.com\/index.php\/wp-json\/wp\/v2\/comments?post=11004"}],"wp:featuredmedia":[{"embeddable":true,"href":"https:\/\/www.lacavedeslecteurs.com\/index.php\/wp-json\/wp\/v2\/media\/16554"}],"wp:attachment":[{"href":"https:\/\/www.lacavedeslecteurs.com\/index.php\/wp-json\/wp\/v2\/media?parent=11004"}],"wp:term":[{"taxonomy":"product_brand","embeddable":true,"href":"https:\/\/www.lacavedeslecteurs.com\/index.php\/wp-json\/wp\/v2\/product_brand?post=11004"},{"taxonomy":"product_cat","embeddable":true,"href":"https:\/\/www.lacavedeslecteurs.com\/index.php\/wp-json\/wp\/v2\/product_cat?post=11004"},{"taxonomy":"product_tag","embeddable":true,"href":"https:\/\/www.lacavedeslecteurs.com\/index.php\/wp-json\/wp\/v2\/product_tag?post=11004"}],"curies":[{"name":"wp","href":"https:\/\/api.w.org\/{rel}","templated":true}]}}