{"id":11006,"date":"2025-12-31T12:53:53","date_gmt":"2025-12-31T12:53:53","guid":{"rendered":"https:\/\/www.lacavedeslecteurs.com\/index.php\/product\/domaine-de-tariquet-premieres-grives\/"},"modified":"2026-02-13T15:04:06","modified_gmt":"2026-02-13T15:04:06","slug":"domaine-de-tariquet-premieres-grives","status":"publish","type":"product","link":"https:\/\/www.lacavedeslecteurs.com\/index.php\/product\/domaine-de-tariquet-premieres-grives\/","title":{"rendered":"Domaine de Tariquet Premi\u00e8res Grives - 2022"},"content":{"rendered":"<p>Une bouche gourmande, fruit\u00e9e, vive et moelleuse. C&rsquo;est un vin qui se glisse entre 2 sensations : celle d&rsquo;une onctuosit\u00e9 enj\u00f4leuse, conjugu\u00e9e \u00e0 une profonde fra\u00eecheur. Ce duo moelleux\/fra\u00eecheur, qui fonctionne \u00e0 merveille, lui a permis de conqu\u00e9rir le palais des Fran\u00e7ais !<\/p>\n","protected":false},"excerpt":{"rendered":"<p>Une bouche gourmande, fruit\u00e9e, vive et moelleuse. C&rsquo;est un vin qui se glisse entre 2 sensations : celle d&rsquo;une onctuosit\u00e9 enj\u00f4leuse, conjugu\u00e9e \u00e0 une profonde fra\u00eecheur. Ce duo moelleux\/fra\u00eecheur, qui fonctionne \u00e0 merveille, lui a permis de conqu\u00e9rir le palais des Fran\u00e7ais !<\/p>\n","protected":false},"featured_media":16555,"comment_status":"open","ping_status":"closed","template":"","meta":[],"product_brand":[],"product_cat":[53,41,365,138],"product_tag":[],"class_list":{"0":"post-11006","1":"product","2":"type-product","3":"status-publish","4":"has-post-thumbnail","6":"product_cat-autres-terroirs","7":"product_cat-blanc","8":"product_cat-categorie","9":"product_cat-couleurs","11":"first","12":"instock","13":"sale","14":"taxable","15":"shipping-taxable","16":"purchasable","17":"product-type-simple"},"_links":{"self":[{"href":"https:\/\/www.lacavedeslecteurs.com\/index.php\/wp-json\/wp\/v2\/product\/11006","targetHints":{"allow":["GET"]}}],"collection":[{"href":"https:\/\/www.lacavedeslecteurs.com\/index.php\/wp-json\/wp\/v2\/product"}],"about":[{"href":"https:\/\/www.lacavedeslecteurs.com\/index.php\/wp-json\/wp\/v2\/types\/product"}],"replies":[{"embeddable":true,"href":"https:\/\/www.lacavedeslecteurs.com\/index.php\/wp-json\/wp\/v2\/comments?post=11006"}],"wp:featuredmedia":[{"embeddable":true,"href":"https:\/\/www.lacavedeslecteurs.com\/index.php\/wp-json\/wp\/v2\/media\/16555"}],"wp:attachment":[{"href":"https:\/\/www.lacavedeslecteurs.com\/index.php\/wp-json\/wp\/v2\/media?parent=11006"}],"wp:term":[{"taxonomy":"product_brand","embeddable":true,"href":"https:\/\/www.lacavedeslecteurs.com\/index.php\/wp-json\/wp\/v2\/product_brand?post=11006"},{"taxonomy":"product_cat","embeddable":true,"href":"https:\/\/www.lacavedeslecteurs.com\/index.php\/wp-json\/wp\/v2\/product_cat?post=11006"},{"taxonomy":"product_tag","embeddable":true,"href":"https:\/\/www.lacavedeslecteurs.com\/index.php\/wp-json\/wp\/v2\/product_tag?post=11006"}],"curies":[{"name":"wp","href":"https:\/\/api.w.org\/{rel}","templated":true}]}}