{"id":11008,"date":"2025-12-31T12:53:53","date_gmt":"2025-12-31T12:53:53","guid":{"rendered":"https:\/\/www.lacavedeslecteurs.com\/index.php\/product\/chic\/"},"modified":"2026-02-13T15:40:42","modified_gmt":"2026-02-13T15:40:42","slug":"chic","status":"publish","type":"product","link":"https:\/\/www.lacavedeslecteurs.com\/index.php\/product\/chic\/","title":{"rendered":"Chic"},"content":{"rendered":"<p>Le ros\u00e9 de plaisir ! Belle pr\u00e9sentation, de la fraicheur avec un expression aromatique sur les agrumes et les fleurs. A go\u00fbter absolument d\u00e8s l&rsquo;ap\u00e9ritif \u00e0 7\u00b0C.<\/p>\n","protected":false},"excerpt":{"rendered":"<p>Le ros\u00e9 de plaisir ! Belle pr\u00e9sentation, de la fraicheur avec un expression aromatique sur les agrumes et les fleurs. A go\u00fbter absolument d\u00e8s l&rsquo;ap\u00e9ritif \u00e0 7\u00b0C.<\/p>\n","protected":false},"featured_media":17076,"comment_status":"open","ping_status":"closed","template":"","meta":[],"product_brand":[],"product_cat":[365,138,55,54],"product_tag":[],"class_list":{"0":"post-11008","1":"product","2":"type-product","3":"status-publish","4":"has-post-thumbnail","6":"product_cat-categorie","7":"product_cat-couleurs","8":"product_cat-rose","9":"product_cat-vins-du-sud","11":"first","12":"instock","13":"sale","14":"taxable","15":"shipping-taxable","16":"purchasable","17":"product-type-simple"},"_links":{"self":[{"href":"https:\/\/www.lacavedeslecteurs.com\/index.php\/wp-json\/wp\/v2\/product\/11008","targetHints":{"allow":["GET"]}}],"collection":[{"href":"https:\/\/www.lacavedeslecteurs.com\/index.php\/wp-json\/wp\/v2\/product"}],"about":[{"href":"https:\/\/www.lacavedeslecteurs.com\/index.php\/wp-json\/wp\/v2\/types\/product"}],"replies":[{"embeddable":true,"href":"https:\/\/www.lacavedeslecteurs.com\/index.php\/wp-json\/wp\/v2\/comments?post=11008"}],"wp:featuredmedia":[{"embeddable":true,"href":"https:\/\/www.lacavedeslecteurs.com\/index.php\/wp-json\/wp\/v2\/media\/17076"}],"wp:attachment":[{"href":"https:\/\/www.lacavedeslecteurs.com\/index.php\/wp-json\/wp\/v2\/media?parent=11008"}],"wp:term":[{"taxonomy":"product_brand","embeddable":true,"href":"https:\/\/www.lacavedeslecteurs.com\/index.php\/wp-json\/wp\/v2\/product_brand?post=11008"},{"taxonomy":"product_cat","embeddable":true,"href":"https:\/\/www.lacavedeslecteurs.com\/index.php\/wp-json\/wp\/v2\/product_cat?post=11008"},{"taxonomy":"product_tag","embeddable":true,"href":"https:\/\/www.lacavedeslecteurs.com\/index.php\/wp-json\/wp\/v2\/product_tag?post=11008"}],"curies":[{"name":"wp","href":"https:\/\/api.w.org\/{rel}","templated":true}]}}