{"id":11015,"date":"2025-12-31T12:53:58","date_gmt":"2025-12-31T12:53:58","guid":{"rendered":"https:\/\/www.lacavedeslecteurs.com\/index.php\/product\/chateau-darmailhac\/"},"modified":"2026-02-13T15:04:21","modified_gmt":"2026-02-13T15:04:21","slug":"chateau-darmailhac","status":"publish","type":"product","link":"https:\/\/www.lacavedeslecteurs.com\/index.php\/product\/chateau-darmailhac\/","title":{"rendered":"Ch\u00e2teau d&rsquo;Armailhac - 2016"},"content":{"rendered":"<p>La patte de la vinification selon Mouton-Rothschild, retranscrite dans la densit\u00e9 et la profondeur de l&rsquo;expression. Complexe, g\u00e9n\u00e9reux et raffin\u00e9. Une finale immense sur les fruits rouges et le chocolat. <\/p>\n","protected":false},"excerpt":{"rendered":"<p>La patte de la vinification selon Mouton-Rothschild, retranscrite dans la densit\u00e9 et la profondeur de l&rsquo;expression. Complexe, g\u00e9n\u00e9reux et raffin\u00e9. Une finale immense sur les fruits rouges et le chocolat.<\/p>\n","protected":false},"featured_media":16562,"comment_status":"open","ping_status":"closed","template":"","meta":[],"product_brand":[],"product_cat":[20,365,138,27],"product_tag":[],"class_list":{"0":"post-11015","1":"product","2":"type-product","3":"status-publish","4":"has-post-thumbnail","6":"product_cat-bordeaux","7":"product_cat-categorie","8":"product_cat-couleurs","9":"product_cat-rouge","11":"first","12":"instock","13":"sale","14":"taxable","15":"shipping-taxable","16":"purchasable","17":"product-type-simple"},"_links":{"self":[{"href":"https:\/\/www.lacavedeslecteurs.com\/index.php\/wp-json\/wp\/v2\/product\/11015","targetHints":{"allow":["GET"]}}],"collection":[{"href":"https:\/\/www.lacavedeslecteurs.com\/index.php\/wp-json\/wp\/v2\/product"}],"about":[{"href":"https:\/\/www.lacavedeslecteurs.com\/index.php\/wp-json\/wp\/v2\/types\/product"}],"replies":[{"embeddable":true,"href":"https:\/\/www.lacavedeslecteurs.com\/index.php\/wp-json\/wp\/v2\/comments?post=11015"}],"wp:featuredmedia":[{"embeddable":true,"href":"https:\/\/www.lacavedeslecteurs.com\/index.php\/wp-json\/wp\/v2\/media\/16562"}],"wp:attachment":[{"href":"https:\/\/www.lacavedeslecteurs.com\/index.php\/wp-json\/wp\/v2\/media?parent=11015"}],"wp:term":[{"taxonomy":"product_brand","embeddable":true,"href":"https:\/\/www.lacavedeslecteurs.com\/index.php\/wp-json\/wp\/v2\/product_brand?post=11015"},{"taxonomy":"product_cat","embeddable":true,"href":"https:\/\/www.lacavedeslecteurs.com\/index.php\/wp-json\/wp\/v2\/product_cat?post=11015"},{"taxonomy":"product_tag","embeddable":true,"href":"https:\/\/www.lacavedeslecteurs.com\/index.php\/wp-json\/wp\/v2\/product_tag?post=11015"}],"curies":[{"name":"wp","href":"https:\/\/api.w.org\/{rel}","templated":true}]}}