{"id":11019,"date":"2025-12-31T12:54:00","date_gmt":"2025-12-31T12:54:00","guid":{"rendered":"https:\/\/www.lacavedeslecteurs.com\/index.php\/product\/chateau-baret\/"},"modified":"2026-02-13T15:04:25","modified_gmt":"2026-02-13T15:04:25","slug":"chateau-baret","status":"publish","type":"product","link":"https:\/\/www.lacavedeslecteurs.com\/index.php\/product\/chateau-baret\/","title":{"rendered":"Ch\u00e2teau Baret - 2017"},"content":{"rendered":"<p>Ce Pessac L\u00e9ognan est issu d&rsquo;une superbe propri\u00e9t\u00e9 d&rsquo;un seul tenant de 80 hectares. D&rsquo;assemblage de Merlot et Cabernet sauvignon, le vin est pass\u00e9 12 mois en f\u00fbt de ch\u00eane. Fruit\u00e9, long en bouche, la bouteille id\u00e9ale qui accompagnera id\u00e9alement vos plats en sauce et grillades.<\/p>\n","protected":false},"excerpt":{"rendered":"<p>Ce Pessac L\u00e9ognan est issu d&rsquo;une superbe propri\u00e9t\u00e9 d&rsquo;un seul tenant de 80 hectares. D&rsquo;assemblage de Merlot et Cabernet sauvignon, le vin est pass\u00e9 12 mois en f\u00fbt de ch\u00eane. Fruit\u00e9, long en bouche, la bouteille id\u00e9ale qui accompagnera id\u00e9alement vos plats en sauce et grillades.<\/p>\n","protected":false},"featured_media":16564,"comment_status":"open","ping_status":"closed","template":"","meta":[],"product_brand":[],"product_cat":[20,365,138,27],"product_tag":[],"class_list":{"0":"post-11019","1":"product","2":"type-product","3":"status-publish","4":"has-post-thumbnail","6":"product_cat-bordeaux","7":"product_cat-categorie","8":"product_cat-couleurs","9":"product_cat-rouge","11":"first","12":"instock","13":"sale","14":"taxable","15":"shipping-taxable","16":"purchasable","17":"product-type-simple"},"_links":{"self":[{"href":"https:\/\/www.lacavedeslecteurs.com\/index.php\/wp-json\/wp\/v2\/product\/11019","targetHints":{"allow":["GET"]}}],"collection":[{"href":"https:\/\/www.lacavedeslecteurs.com\/index.php\/wp-json\/wp\/v2\/product"}],"about":[{"href":"https:\/\/www.lacavedeslecteurs.com\/index.php\/wp-json\/wp\/v2\/types\/product"}],"replies":[{"embeddable":true,"href":"https:\/\/www.lacavedeslecteurs.com\/index.php\/wp-json\/wp\/v2\/comments?post=11019"}],"wp:featuredmedia":[{"embeddable":true,"href":"https:\/\/www.lacavedeslecteurs.com\/index.php\/wp-json\/wp\/v2\/media\/16564"}],"wp:attachment":[{"href":"https:\/\/www.lacavedeslecteurs.com\/index.php\/wp-json\/wp\/v2\/media?parent=11019"}],"wp:term":[{"taxonomy":"product_brand","embeddable":true,"href":"https:\/\/www.lacavedeslecteurs.com\/index.php\/wp-json\/wp\/v2\/product_brand?post=11019"},{"taxonomy":"product_cat","embeddable":true,"href":"https:\/\/www.lacavedeslecteurs.com\/index.php\/wp-json\/wp\/v2\/product_cat?post=11019"},{"taxonomy":"product_tag","embeddable":true,"href":"https:\/\/www.lacavedeslecteurs.com\/index.php\/wp-json\/wp\/v2\/product_tag?post=11019"}],"curies":[{"name":"wp","href":"https:\/\/api.w.org\/{rel}","templated":true}]}}