{"id":11021,"date":"2025-12-31T12:54:01","date_gmt":"2025-12-31T12:54:01","guid":{"rendered":"https:\/\/www.lacavedeslecteurs.com\/index.php\/product\/chateau-bellefont-belcier\/"},"modified":"2026-02-13T15:04:26","modified_gmt":"2026-02-13T15:04:26","slug":"chateau-bellefont-belcier","status":"publish","type":"product","link":"https:\/\/www.lacavedeslecteurs.com\/index.php\/product\/chateau-bellefont-belcier\/","title":{"rendered":"Ch\u00e2teau Bellefont-Belcier - 2015"},"content":{"rendered":"<p>Magnifiquement situ\u00e9 sur le noble c\u00f4teau de Saint-Emilion, le domaine est voisin des tous meilleurs, Pavie et Larcis Ducasse. Il rivalise en d\u00e9gustation avec ce mill\u00e9sime 2015 riche, expressif et min\u00e9ral.<\/p>\n","protected":false},"excerpt":{"rendered":"<p>Magnifiquement situ\u00e9 sur le noble c\u00f4teau de Saint-Emilion, le domaine est voisin des tous meilleurs, Pavie et Larcis Ducasse. Il rivalise en d\u00e9gustation avec ce mill\u00e9sime 2015 riche, expressif et min\u00e9ral.<\/p>\n","protected":false},"featured_media":16565,"comment_status":"open","ping_status":"closed","template":"","meta":[],"product_brand":[],"product_cat":[20,365,138,27],"product_tag":[],"class_list":{"0":"post-11021","1":"product","2":"type-product","3":"status-publish","4":"has-post-thumbnail","6":"product_cat-bordeaux","7":"product_cat-categorie","8":"product_cat-couleurs","9":"product_cat-rouge","11":"first","12":"instock","13":"sale","14":"taxable","15":"shipping-taxable","16":"purchasable","17":"product-type-simple"},"_links":{"self":[{"href":"https:\/\/www.lacavedeslecteurs.com\/index.php\/wp-json\/wp\/v2\/product\/11021","targetHints":{"allow":["GET"]}}],"collection":[{"href":"https:\/\/www.lacavedeslecteurs.com\/index.php\/wp-json\/wp\/v2\/product"}],"about":[{"href":"https:\/\/www.lacavedeslecteurs.com\/index.php\/wp-json\/wp\/v2\/types\/product"}],"replies":[{"embeddable":true,"href":"https:\/\/www.lacavedeslecteurs.com\/index.php\/wp-json\/wp\/v2\/comments?post=11021"}],"wp:featuredmedia":[{"embeddable":true,"href":"https:\/\/www.lacavedeslecteurs.com\/index.php\/wp-json\/wp\/v2\/media\/16565"}],"wp:attachment":[{"href":"https:\/\/www.lacavedeslecteurs.com\/index.php\/wp-json\/wp\/v2\/media?parent=11021"}],"wp:term":[{"taxonomy":"product_brand","embeddable":true,"href":"https:\/\/www.lacavedeslecteurs.com\/index.php\/wp-json\/wp\/v2\/product_brand?post=11021"},{"taxonomy":"product_cat","embeddable":true,"href":"https:\/\/www.lacavedeslecteurs.com\/index.php\/wp-json\/wp\/v2\/product_cat?post=11021"},{"taxonomy":"product_tag","embeddable":true,"href":"https:\/\/www.lacavedeslecteurs.com\/index.php\/wp-json\/wp\/v2\/product_tag?post=11021"}],"curies":[{"name":"wp","href":"https:\/\/api.w.org\/{rel}","templated":true}]}}