{"id":11025,"date":"2025-12-31T12:54:02","date_gmt":"2025-12-31T12:54:02","guid":{"rendered":"https:\/\/www.lacavedeslecteurs.com\/index.php\/product\/chateau-barde-haut\/"},"modified":"2026-02-13T15:04:29","modified_gmt":"2026-02-13T15:04:29","slug":"chateau-barde-haut","status":"publish","type":"product","link":"https:\/\/www.lacavedeslecteurs.com\/index.php\/product\/chateau-barde-haut\/","title":{"rendered":"Ch\u00e2teau Barde-Haut - 2015"},"content":{"rendered":"<p>Tr\u00e8s bien \u00e9quilibr\u00e9 avec des tanins relativement fins et l\u00e9g\u00e8rement acides, le Ch\u00e2teau Barde-Haut poss\u00e8de une tr\u00e8s bonne tension et une belle nervosit\u00e9 qui lui conf\u00e8rent une finale pure et sensuelle. Un vin pr\u00e9cis de tr\u00e8s longue garde.<\/p>\n","protected":false},"excerpt":{"rendered":"<p>Tr\u00e8s bien \u00e9quilibr\u00e9 avec des tanins relativement fins et l\u00e9g\u00e8rement acides, le Ch\u00e2teau Barde-Haut poss\u00e8de une tr\u00e8s bonne tension et une belle nervosit\u00e9 qui lui conf\u00e8rent une finale pure et sensuelle. Un vin pr\u00e9cis de tr\u00e8s longue garde.<\/p>\n","protected":false},"featured_media":16567,"comment_status":"open","ping_status":"closed","template":"","meta":[],"product_brand":[],"product_cat":[20,365,138,27],"product_tag":[],"class_list":{"0":"post-11025","1":"product","2":"type-product","3":"status-publish","4":"has-post-thumbnail","6":"product_cat-bordeaux","7":"product_cat-categorie","8":"product_cat-couleurs","9":"product_cat-rouge","11":"first","12":"instock","13":"sale","14":"taxable","15":"shipping-taxable","16":"purchasable","17":"product-type-simple"},"_links":{"self":[{"href":"https:\/\/www.lacavedeslecteurs.com\/index.php\/wp-json\/wp\/v2\/product\/11025","targetHints":{"allow":["GET"]}}],"collection":[{"href":"https:\/\/www.lacavedeslecteurs.com\/index.php\/wp-json\/wp\/v2\/product"}],"about":[{"href":"https:\/\/www.lacavedeslecteurs.com\/index.php\/wp-json\/wp\/v2\/types\/product"}],"replies":[{"embeddable":true,"href":"https:\/\/www.lacavedeslecteurs.com\/index.php\/wp-json\/wp\/v2\/comments?post=11025"}],"wp:featuredmedia":[{"embeddable":true,"href":"https:\/\/www.lacavedeslecteurs.com\/index.php\/wp-json\/wp\/v2\/media\/16567"}],"wp:attachment":[{"href":"https:\/\/www.lacavedeslecteurs.com\/index.php\/wp-json\/wp\/v2\/media?parent=11025"}],"wp:term":[{"taxonomy":"product_brand","embeddable":true,"href":"https:\/\/www.lacavedeslecteurs.com\/index.php\/wp-json\/wp\/v2\/product_brand?post=11025"},{"taxonomy":"product_cat","embeddable":true,"href":"https:\/\/www.lacavedeslecteurs.com\/index.php\/wp-json\/wp\/v2\/product_cat?post=11025"},{"taxonomy":"product_tag","embeddable":true,"href":"https:\/\/www.lacavedeslecteurs.com\/index.php\/wp-json\/wp\/v2\/product_tag?post=11025"}],"curies":[{"name":"wp","href":"https:\/\/api.w.org\/{rel}","templated":true}]}}