{"id":11027,"date":"2025-12-31T12:54:03","date_gmt":"2025-12-31T12:54:03","guid":{"rendered":"https:\/\/www.lacavedeslecteurs.com\/index.php\/product\/blason-dissan\/"},"modified":"2026-02-13T15:04:31","modified_gmt":"2026-02-13T15:04:31","slug":"blason-dissan","status":"publish","type":"product","link":"https:\/\/www.lacavedeslecteurs.com\/index.php\/product\/blason-dissan\/","title":{"rendered":"Blason d&rsquo;Issan - 2016"},"content":{"rendered":"<p>Blason d\u2019Issan est doux, cr\u00e9meux et textur\u00e9, avec une couleur pourpre dense, des notes de myrtille et de m\u00fbre m\u00eal\u00e9es de r\u00e9glisse et de camphre. Il est magnifique, luxuriant et tr\u00e8s s\u00e9duisant. Un second vin id\u00e9al qui refl\u00e8te son appellation d\u2019origine et offre un superbe niveau de fruits.<\/p>\n","protected":false},"excerpt":{"rendered":"<p>Blason d\u2019Issan est doux, cr\u00e9meux et textur\u00e9, avec une couleur pourpre dense, des notes de myrtille et de m\u00fbre m\u00eal\u00e9es de r\u00e9glisse et de camphre. Il est magnifique, luxuriant et tr\u00e8s s\u00e9duisant. Un second vin id\u00e9al qui refl\u00e8te son appellation d\u2019origine et offre un superbe niveau de fruits.<\/p>\n","protected":false},"featured_media":16568,"comment_status":"open","ping_status":"closed","template":"","meta":[],"product_brand":[],"product_cat":[20,365,138,27],"product_tag":[],"class_list":{"0":"post-11027","1":"product","2":"type-product","3":"status-publish","4":"has-post-thumbnail","6":"product_cat-bordeaux","7":"product_cat-categorie","8":"product_cat-couleurs","9":"product_cat-rouge","11":"first","12":"instock","13":"sale","14":"taxable","15":"shipping-taxable","16":"purchasable","17":"product-type-simple"},"_links":{"self":[{"href":"https:\/\/www.lacavedeslecteurs.com\/index.php\/wp-json\/wp\/v2\/product\/11027","targetHints":{"allow":["GET"]}}],"collection":[{"href":"https:\/\/www.lacavedeslecteurs.com\/index.php\/wp-json\/wp\/v2\/product"}],"about":[{"href":"https:\/\/www.lacavedeslecteurs.com\/index.php\/wp-json\/wp\/v2\/types\/product"}],"replies":[{"embeddable":true,"href":"https:\/\/www.lacavedeslecteurs.com\/index.php\/wp-json\/wp\/v2\/comments?post=11027"}],"wp:featuredmedia":[{"embeddable":true,"href":"https:\/\/www.lacavedeslecteurs.com\/index.php\/wp-json\/wp\/v2\/media\/16568"}],"wp:attachment":[{"href":"https:\/\/www.lacavedeslecteurs.com\/index.php\/wp-json\/wp\/v2\/media?parent=11027"}],"wp:term":[{"taxonomy":"product_brand","embeddable":true,"href":"https:\/\/www.lacavedeslecteurs.com\/index.php\/wp-json\/wp\/v2\/product_brand?post=11027"},{"taxonomy":"product_cat","embeddable":true,"href":"https:\/\/www.lacavedeslecteurs.com\/index.php\/wp-json\/wp\/v2\/product_cat?post=11027"},{"taxonomy":"product_tag","embeddable":true,"href":"https:\/\/www.lacavedeslecteurs.com\/index.php\/wp-json\/wp\/v2\/product_tag?post=11027"}],"curies":[{"name":"wp","href":"https:\/\/api.w.org\/{rel}","templated":true}]}}