{"id":11045,"date":"2025-12-31T12:54:15","date_gmt":"2025-12-31T12:54:15","guid":{"rendered":"https:\/\/www.lacavedeslecteurs.com\/index.php\/product\/chateau-carbonnieux\/"},"modified":"2026-02-13T15:04:54","modified_gmt":"2026-02-13T15:04:54","slug":"chateau-carbonnieux","status":"publish","type":"product","link":"https:\/\/www.lacavedeslecteurs.com\/index.php\/product\/chateau-carbonnieux\/","title":{"rendered":"Ch\u00e2teau Carbonnieux - 2017"},"content":{"rendered":"<p>Cru historique de l\u2019appellation. Nez qui exhale ce fameux \u00ab fum\u00e9 \u00bb typique et une bouche ronde, tout en \u00e9l\u00e9gance. Un potentiel de garde certain entre 10 et 15 ans dans ces grands mill\u00e9simes.<\/p>\n","protected":false},"excerpt":{"rendered":"<p>Cru historique de l\u2019appellation. Nez qui exhale ce fameux \u00ab fum\u00e9 \u00bb typique et une bouche ronde, tout en \u00e9l\u00e9gance. Un potentiel de garde certain entre 10 et 15 ans dans ces grands mill\u00e9simes.<\/p>\n","protected":false},"featured_media":16577,"comment_status":"open","ping_status":"closed","template":"","meta":[],"product_brand":[],"product_cat":[20,365,138,27],"product_tag":[],"class_list":{"0":"post-11045","1":"product","2":"type-product","3":"status-publish","4":"has-post-thumbnail","6":"product_cat-bordeaux","7":"product_cat-categorie","8":"product_cat-couleurs","9":"product_cat-rouge","11":"first","12":"instock","13":"sale","14":"taxable","15":"shipping-taxable","16":"purchasable","17":"product-type-simple"},"_links":{"self":[{"href":"https:\/\/www.lacavedeslecteurs.com\/index.php\/wp-json\/wp\/v2\/product\/11045","targetHints":{"allow":["GET"]}}],"collection":[{"href":"https:\/\/www.lacavedeslecteurs.com\/index.php\/wp-json\/wp\/v2\/product"}],"about":[{"href":"https:\/\/www.lacavedeslecteurs.com\/index.php\/wp-json\/wp\/v2\/types\/product"}],"replies":[{"embeddable":true,"href":"https:\/\/www.lacavedeslecteurs.com\/index.php\/wp-json\/wp\/v2\/comments?post=11045"}],"wp:featuredmedia":[{"embeddable":true,"href":"https:\/\/www.lacavedeslecteurs.com\/index.php\/wp-json\/wp\/v2\/media\/16577"}],"wp:attachment":[{"href":"https:\/\/www.lacavedeslecteurs.com\/index.php\/wp-json\/wp\/v2\/media?parent=11045"}],"wp:term":[{"taxonomy":"product_brand","embeddable":true,"href":"https:\/\/www.lacavedeslecteurs.com\/index.php\/wp-json\/wp\/v2\/product_brand?post=11045"},{"taxonomy":"product_cat","embeddable":true,"href":"https:\/\/www.lacavedeslecteurs.com\/index.php\/wp-json\/wp\/v2\/product_cat?post=11045"},{"taxonomy":"product_tag","embeddable":true,"href":"https:\/\/www.lacavedeslecteurs.com\/index.php\/wp-json\/wp\/v2\/product_tag?post=11045"}],"curies":[{"name":"wp","href":"https:\/\/api.w.org\/{rel}","templated":true}]}}