{"id":11049,"date":"2025-12-31T12:54:16","date_gmt":"2025-12-31T12:54:16","guid":{"rendered":"https:\/\/www.lacavedeslecteurs.com\/index.php\/product\/les-carmes-de-rieussec\/"},"modified":"2026-02-13T15:05:05","modified_gmt":"2026-02-13T15:05:05","slug":"les-carmes-de-rieussec","status":"publish","type":"product","link":"https:\/\/www.lacavedeslecteurs.com\/index.php\/product\/les-carmes-de-rieussec\/","title":{"rendered":"Les Carmes de Rieussec - 2019"},"content":{"rendered":"<p>Second vin du Ch\u00e2teau Rieussec, Carmes de Rieussec affiche une jolie robe dor\u00e9e. Le nez d\u00e9voile des notes d&rsquo;agrumes, de fleurs blanches et de cire d&rsquo;abeille. En bouche, les ar\u00f4mes \u00e9clatent en une multitude de saveurs.<\/p>\n","protected":false},"excerpt":{"rendered":"<p>Second vin du Ch\u00e2teau Rieussec, Carmes de Rieussec affiche une jolie robe dor\u00e9e. Le nez d\u00e9voile des notes d&rsquo;agrumes, de fleurs blanches et de cire d&rsquo;abeille. En bouche, les ar\u00f4mes \u00e9clatent en une multitude de saveurs.<\/p>\n","protected":false},"featured_media":16579,"comment_status":"open","ping_status":"closed","template":"","meta":[],"product_brand":[],"product_cat":[41,20,365,138],"product_tag":[],"class_list":{"0":"post-11049","1":"product","2":"type-product","3":"status-publish","4":"has-post-thumbnail","6":"product_cat-blanc","7":"product_cat-bordeaux","8":"product_cat-categorie","9":"product_cat-couleurs","11":"first","12":"instock","13":"sale","14":"taxable","15":"shipping-taxable","16":"purchasable","17":"product-type-simple"},"_links":{"self":[{"href":"https:\/\/www.lacavedeslecteurs.com\/index.php\/wp-json\/wp\/v2\/product\/11049","targetHints":{"allow":["GET"]}}],"collection":[{"href":"https:\/\/www.lacavedeslecteurs.com\/index.php\/wp-json\/wp\/v2\/product"}],"about":[{"href":"https:\/\/www.lacavedeslecteurs.com\/index.php\/wp-json\/wp\/v2\/types\/product"}],"replies":[{"embeddable":true,"href":"https:\/\/www.lacavedeslecteurs.com\/index.php\/wp-json\/wp\/v2\/comments?post=11049"}],"wp:featuredmedia":[{"embeddable":true,"href":"https:\/\/www.lacavedeslecteurs.com\/index.php\/wp-json\/wp\/v2\/media\/16579"}],"wp:attachment":[{"href":"https:\/\/www.lacavedeslecteurs.com\/index.php\/wp-json\/wp\/v2\/media?parent=11049"}],"wp:term":[{"taxonomy":"product_brand","embeddable":true,"href":"https:\/\/www.lacavedeslecteurs.com\/index.php\/wp-json\/wp\/v2\/product_brand?post=11049"},{"taxonomy":"product_cat","embeddable":true,"href":"https:\/\/www.lacavedeslecteurs.com\/index.php\/wp-json\/wp\/v2\/product_cat?post=11049"},{"taxonomy":"product_tag","embeddable":true,"href":"https:\/\/www.lacavedeslecteurs.com\/index.php\/wp-json\/wp\/v2\/product_tag?post=11049"}],"curies":[{"name":"wp","href":"https:\/\/api.w.org\/{rel}","templated":true}]}}