{"id":11051,"date":"2025-12-31T12:54:20","date_gmt":"2025-12-31T12:54:20","guid":{"rendered":"https:\/\/www.lacavedeslecteurs.com\/index.php\/product\/chateau-cartier\/"},"modified":"2026-02-13T15:05:08","modified_gmt":"2026-02-13T15:05:08","slug":"chateau-cartier","status":"publish","type":"product","link":"https:\/\/www.lacavedeslecteurs.com\/index.php\/product\/chateau-cartier\/","title":{"rendered":"Ch\u00e2teau Cartier - 2019"},"content":{"rendered":"<p>Ch\u00e2teau Cartier est le second vin du Ch\u00e2teau Fonroque, Grand Cru Class\u00e9 de Saint-Emilion renomm\u00e9 pour sa d\u00e9marche en agriculture biodynamique, sous la houlette d\u2019Alain Moueix qui a revendu \u00e0 la famille Guillard. Ce vin se montre vif et harmonieux, avec des tanins enrob\u00e9s et suaves. La finale lib\u00e8re une \u00e9nergie fra\u00eeche et min\u00e9rale.<\/p>\n","protected":false},"excerpt":{"rendered":"<p>Ch\u00e2teau Cartier est le second vin du Ch\u00e2teau Fonroque, Grand Cru Class\u00e9 de Saint-Emilion renomm\u00e9 pour sa d\u00e9marche en agriculture biodynamique, sous la houlette d\u2019Alain Moueix qui a revendu \u00e0 la famille Guillard. Ce vin se montre vif et harmonieux, avec des tanins enrob\u00e9s et suaves. La finale lib\u00e8re une \u00e9nergie fra\u00eeche et min\u00e9rale.<\/p>\n","protected":false},"featured_media":16580,"comment_status":"open","ping_status":"closed","template":"","meta":[],"product_brand":[],"product_cat":[20,365,138,27],"product_tag":[],"class_list":{"0":"post-11051","1":"product","2":"type-product","3":"status-publish","4":"has-post-thumbnail","6":"product_cat-bordeaux","7":"product_cat-categorie","8":"product_cat-couleurs","9":"product_cat-rouge","11":"first","12":"instock","13":"sale","14":"taxable","15":"shipping-taxable","16":"purchasable","17":"product-type-simple"},"_links":{"self":[{"href":"https:\/\/www.lacavedeslecteurs.com\/index.php\/wp-json\/wp\/v2\/product\/11051","targetHints":{"allow":["GET"]}}],"collection":[{"href":"https:\/\/www.lacavedeslecteurs.com\/index.php\/wp-json\/wp\/v2\/product"}],"about":[{"href":"https:\/\/www.lacavedeslecteurs.com\/index.php\/wp-json\/wp\/v2\/types\/product"}],"replies":[{"embeddable":true,"href":"https:\/\/www.lacavedeslecteurs.com\/index.php\/wp-json\/wp\/v2\/comments?post=11051"}],"wp:featuredmedia":[{"embeddable":true,"href":"https:\/\/www.lacavedeslecteurs.com\/index.php\/wp-json\/wp\/v2\/media\/16580"}],"wp:attachment":[{"href":"https:\/\/www.lacavedeslecteurs.com\/index.php\/wp-json\/wp\/v2\/media?parent=11051"}],"wp:term":[{"taxonomy":"product_brand","embeddable":true,"href":"https:\/\/www.lacavedeslecteurs.com\/index.php\/wp-json\/wp\/v2\/product_brand?post=11051"},{"taxonomy":"product_cat","embeddable":true,"href":"https:\/\/www.lacavedeslecteurs.com\/index.php\/wp-json\/wp\/v2\/product_cat?post=11051"},{"taxonomy":"product_tag","embeddable":true,"href":"https:\/\/www.lacavedeslecteurs.com\/index.php\/wp-json\/wp\/v2\/product_tag?post=11051"}],"curies":[{"name":"wp","href":"https:\/\/api.w.org\/{rel}","templated":true}]}}