{"id":11059,"date":"2025-12-31T12:54:24","date_gmt":"2025-12-31T12:54:24","guid":{"rendered":"https:\/\/www.lacavedeslecteurs.com\/index.php\/product\/chateau-de-chantegrive\/"},"modified":"2026-02-13T15:05:16","modified_gmt":"2026-02-13T15:05:16","slug":"chateau-de-chantegrive","status":"publish","type":"product","link":"https:\/\/www.lacavedeslecteurs.com\/index.php\/product\/chateau-de-chantegrive\/","title":{"rendered":"Ch\u00e2teau de Chantegrive - 2016"},"content":{"rendered":"<p>Cette propri\u00e9t\u00e9 familiale est dot\u00e9e de 160 parcelles au sein d&rsquo;un vignoble de 36 hectares. Terroir de galets roul\u00e9s et de sable fin sur sol argilo-calcaire. Joli nez de caf\u00e9 grill\u00e9 et de m\u00fbre, vin souple avec des tanins fins. Un Bordeaux classique, \u00e9l\u00e9gant et de bon rapport qualit\u00e9-prix.<\/p>\n","protected":false},"excerpt":{"rendered":"<p>Cette propri\u00e9t\u00e9 familiale est dot\u00e9e de 160 parcelles au sein d&rsquo;un vignoble de 36 hectares. Terroir de galets roul\u00e9s et de sable fin sur sol argilo-calcaire. Joli nez de caf\u00e9 grill\u00e9 et de m\u00fbre, vin souple avec des tanins fins. Un Bordeaux classique, \u00e9l\u00e9gant et de bon rapport qualit\u00e9-prix.<\/p>\n","protected":false},"featured_media":16584,"comment_status":"open","ping_status":"closed","template":"","meta":[],"product_brand":[],"product_cat":[20,365,138,27],"product_tag":[],"class_list":{"0":"post-11059","1":"product","2":"type-product","3":"status-publish","4":"has-post-thumbnail","6":"product_cat-bordeaux","7":"product_cat-categorie","8":"product_cat-couleurs","9":"product_cat-rouge","11":"first","12":"instock","13":"sale","14":"taxable","15":"shipping-taxable","16":"purchasable","17":"product-type-simple"},"_links":{"self":[{"href":"https:\/\/www.lacavedeslecteurs.com\/index.php\/wp-json\/wp\/v2\/product\/11059","targetHints":{"allow":["GET"]}}],"collection":[{"href":"https:\/\/www.lacavedeslecteurs.com\/index.php\/wp-json\/wp\/v2\/product"}],"about":[{"href":"https:\/\/www.lacavedeslecteurs.com\/index.php\/wp-json\/wp\/v2\/types\/product"}],"replies":[{"embeddable":true,"href":"https:\/\/www.lacavedeslecteurs.com\/index.php\/wp-json\/wp\/v2\/comments?post=11059"}],"wp:featuredmedia":[{"embeddable":true,"href":"https:\/\/www.lacavedeslecteurs.com\/index.php\/wp-json\/wp\/v2\/media\/16584"}],"wp:attachment":[{"href":"https:\/\/www.lacavedeslecteurs.com\/index.php\/wp-json\/wp\/v2\/media?parent=11059"}],"wp:term":[{"taxonomy":"product_brand","embeddable":true,"href":"https:\/\/www.lacavedeslecteurs.com\/index.php\/wp-json\/wp\/v2\/product_brand?post=11059"},{"taxonomy":"product_cat","embeddable":true,"href":"https:\/\/www.lacavedeslecteurs.com\/index.php\/wp-json\/wp\/v2\/product_cat?post=11059"},{"taxonomy":"product_tag","embeddable":true,"href":"https:\/\/www.lacavedeslecteurs.com\/index.php\/wp-json\/wp\/v2\/product_tag?post=11059"}],"curies":[{"name":"wp","href":"https:\/\/api.w.org\/{rel}","templated":true}]}}