{"id":11063,"date":"2025-12-31T12:54:26","date_gmt":"2025-12-31T12:54:26","guid":{"rendered":"https:\/\/www.lacavedeslecteurs.com\/index.php\/product\/chateau-chasse-spleen\/"},"modified":"2026-02-13T15:05:21","modified_gmt":"2026-02-13T15:05:21","slug":"chateau-chasse-spleen","status":"publish","type":"product","link":"https:\/\/www.lacavedeslecteurs.com\/index.php\/product\/chateau-chasse-spleen\/","title":{"rendered":"Ch\u00e2teau Chasse-Spleen - 2017"},"content":{"rendered":"<p>Ce vin \u00ab\u00a0n&rsquo;a pas son pareil pour chasser les id\u00e9es noires\u00a0\u00bb selon Lord Byron. La r\u00e9f\u00e9rence de l&rsquo;appellation qui tient son rang le long des mill\u00e9simes, entre puissance et \u00e9l\u00e9gance.<\/p>\n","protected":false},"excerpt":{"rendered":"<p>Ce vin \u00ab\u00a0n&rsquo;a pas son pareil pour chasser les id\u00e9es noires\u00a0\u00bb selon Lord Byron. La r\u00e9f\u00e9rence de l&rsquo;appellation qui tient son rang le long des mill\u00e9simes, entre puissance et \u00e9l\u00e9gance.<\/p>\n","protected":false},"featured_media":16586,"comment_status":"open","ping_status":"closed","template":"","meta":[],"product_brand":[],"product_cat":[20,365,138,27],"product_tag":[],"class_list":{"0":"post-11063","1":"product","2":"type-product","3":"status-publish","4":"has-post-thumbnail","6":"product_cat-bordeaux","7":"product_cat-categorie","8":"product_cat-couleurs","9":"product_cat-rouge","11":"first","12":"instock","13":"sale","14":"taxable","15":"shipping-taxable","16":"purchasable","17":"product-type-simple"},"_links":{"self":[{"href":"https:\/\/www.lacavedeslecteurs.com\/index.php\/wp-json\/wp\/v2\/product\/11063","targetHints":{"allow":["GET"]}}],"collection":[{"href":"https:\/\/www.lacavedeslecteurs.com\/index.php\/wp-json\/wp\/v2\/product"}],"about":[{"href":"https:\/\/www.lacavedeslecteurs.com\/index.php\/wp-json\/wp\/v2\/types\/product"}],"replies":[{"embeddable":true,"href":"https:\/\/www.lacavedeslecteurs.com\/index.php\/wp-json\/wp\/v2\/comments?post=11063"}],"wp:featuredmedia":[{"embeddable":true,"href":"https:\/\/www.lacavedeslecteurs.com\/index.php\/wp-json\/wp\/v2\/media\/16586"}],"wp:attachment":[{"href":"https:\/\/www.lacavedeslecteurs.com\/index.php\/wp-json\/wp\/v2\/media?parent=11063"}],"wp:term":[{"taxonomy":"product_brand","embeddable":true,"href":"https:\/\/www.lacavedeslecteurs.com\/index.php\/wp-json\/wp\/v2\/product_brand?post=11063"},{"taxonomy":"product_cat","embeddable":true,"href":"https:\/\/www.lacavedeslecteurs.com\/index.php\/wp-json\/wp\/v2\/product_cat?post=11063"},{"taxonomy":"product_tag","embeddable":true,"href":"https:\/\/www.lacavedeslecteurs.com\/index.php\/wp-json\/wp\/v2\/product_tag?post=11063"}],"curies":[{"name":"wp","href":"https:\/\/api.w.org\/{rel}","templated":true}]}}