{"id":11083,"date":"2025-12-31T12:54:45","date_gmt":"2025-12-31T12:54:45","guid":{"rendered":"https:\/\/www.lacavedeslecteurs.com\/index.php\/product\/chateau-clos-puy-arnaud-biodynamie\/"},"modified":"2026-02-13T15:05:48","modified_gmt":"2026-02-13T15:05:48","slug":"chateau-clos-puy-arnaud-biodynamie","status":"publish","type":"product","link":"https:\/\/www.lacavedeslecteurs.com\/index.php\/product\/chateau-clos-puy-arnaud-biodynamie\/","title":{"rendered":"Ch\u00e2teau Clos Puy Arnaud  &#8211; BIOdynamie - 2015"},"content":{"rendered":"<p>Situ\u00e9 dans les C\u00f4tes-de-Castillon, le Clos Puy Arnaud surplombe la vall\u00e9e de Dordogne. Il est voisin des plateaux de Saint-\u00c9milion. Thierry Valette le dirige depuis 2000 de main de ma\u00eetre, produisant des vins de grande race et d&rsquo;un haut raffinement. La bouche est riche tout en \u00e9tant parfaitement \u00e9quilibr\u00e9e. Une finale sur la longueur et l\u2019intensit\u00e9 !<\/p>\n","protected":false},"excerpt":{"rendered":"<p>Situ\u00e9 dans les C\u00f4tes-de-Castillon, le Clos Puy Arnaud surplombe la vall\u00e9e de Dordogne. Il est voisin des plateaux de Saint-\u00c9milion. Thierry Valette le dirige depuis 2000 de main de ma\u00eetre, produisant des vins de grande race et d&rsquo;un haut raffinement. La bouche est riche tout en \u00e9tant parfaitement \u00e9quilibr\u00e9e. Une finale sur la longueur et [&hellip;]<\/p>\n","protected":false},"featured_media":16595,"comment_status":"open","ping_status":"closed","template":"","meta":[],"product_brand":[],"product_cat":[20,365,138,27],"product_tag":[],"class_list":{"0":"post-11083","1":"product","2":"type-product","3":"status-publish","4":"has-post-thumbnail","6":"product_cat-bordeaux","7":"product_cat-categorie","8":"product_cat-couleurs","9":"product_cat-rouge","11":"first","12":"instock","13":"sale","14":"taxable","15":"shipping-taxable","16":"purchasable","17":"product-type-simple"},"_links":{"self":[{"href":"https:\/\/www.lacavedeslecteurs.com\/index.php\/wp-json\/wp\/v2\/product\/11083","targetHints":{"allow":["GET"]}}],"collection":[{"href":"https:\/\/www.lacavedeslecteurs.com\/index.php\/wp-json\/wp\/v2\/product"}],"about":[{"href":"https:\/\/www.lacavedeslecteurs.com\/index.php\/wp-json\/wp\/v2\/types\/product"}],"replies":[{"embeddable":true,"href":"https:\/\/www.lacavedeslecteurs.com\/index.php\/wp-json\/wp\/v2\/comments?post=11083"}],"wp:featuredmedia":[{"embeddable":true,"href":"https:\/\/www.lacavedeslecteurs.com\/index.php\/wp-json\/wp\/v2\/media\/16595"}],"wp:attachment":[{"href":"https:\/\/www.lacavedeslecteurs.com\/index.php\/wp-json\/wp\/v2\/media?parent=11083"}],"wp:term":[{"taxonomy":"product_brand","embeddable":true,"href":"https:\/\/www.lacavedeslecteurs.com\/index.php\/wp-json\/wp\/v2\/product_brand?post=11083"},{"taxonomy":"product_cat","embeddable":true,"href":"https:\/\/www.lacavedeslecteurs.com\/index.php\/wp-json\/wp\/v2\/product_cat?post=11083"},{"taxonomy":"product_tag","embeddable":true,"href":"https:\/\/www.lacavedeslecteurs.com\/index.php\/wp-json\/wp\/v2\/product_tag?post=11083"}],"curies":[{"name":"wp","href":"https:\/\/api.w.org\/{rel}","templated":true}]}}