{"id":11085,"date":"2025-12-31T12:54:46","date_gmt":"2025-12-31T12:54:46","guid":{"rendered":"https:\/\/www.lacavedeslecteurs.com\/index.php\/product\/confidences-prieure-lichine\/"},"modified":"2026-02-13T15:05:50","modified_gmt":"2026-02-13T15:05:50","slug":"confidences-prieure-lichine","status":"publish","type":"product","link":"https:\/\/www.lacavedeslecteurs.com\/index.php\/product\/confidences-prieure-lichine\/","title":{"rendered":"Confidences Prieur\u00e9-Lichine - 2016"},"content":{"rendered":"<p>Cet excellent second vin de Cru Class\u00e9 allie la fra\u00eecheur \u00e0 l\u2019\u00e9l\u00e9gance. Le fruit dans le mill\u00e9sime se r\u00e9v\u00e8le pur et m\u00fbr, avec une mati\u00e8re dense et structur\u00e9e. \u00c0 r\u00e9server pour une entrec\u00f4te.<\/p>\n","protected":false},"excerpt":{"rendered":"<p>Cet excellent second vin de Cru Class\u00e9 allie la fra\u00eecheur \u00e0 l\u2019\u00e9l\u00e9gance. Le fruit dans le mill\u00e9sime se r\u00e9v\u00e8le pur et m\u00fbr, avec une mati\u00e8re dense et structur\u00e9e. \u00c0 r\u00e9server pour une entrec\u00f4te.<\/p>\n","protected":false},"featured_media":16596,"comment_status":"open","ping_status":"closed","template":"","meta":[],"product_brand":[],"product_cat":[20,365,138,27],"product_tag":[],"class_list":{"0":"post-11085","1":"product","2":"type-product","3":"status-publish","4":"has-post-thumbnail","6":"product_cat-bordeaux","7":"product_cat-categorie","8":"product_cat-couleurs","9":"product_cat-rouge","11":"first","12":"instock","13":"sale","14":"taxable","15":"shipping-taxable","16":"purchasable","17":"product-type-simple"},"_links":{"self":[{"href":"https:\/\/www.lacavedeslecteurs.com\/index.php\/wp-json\/wp\/v2\/product\/11085","targetHints":{"allow":["GET"]}}],"collection":[{"href":"https:\/\/www.lacavedeslecteurs.com\/index.php\/wp-json\/wp\/v2\/product"}],"about":[{"href":"https:\/\/www.lacavedeslecteurs.com\/index.php\/wp-json\/wp\/v2\/types\/product"}],"replies":[{"embeddable":true,"href":"https:\/\/www.lacavedeslecteurs.com\/index.php\/wp-json\/wp\/v2\/comments?post=11085"}],"wp:featuredmedia":[{"embeddable":true,"href":"https:\/\/www.lacavedeslecteurs.com\/index.php\/wp-json\/wp\/v2\/media\/16596"}],"wp:attachment":[{"href":"https:\/\/www.lacavedeslecteurs.com\/index.php\/wp-json\/wp\/v2\/media?parent=11085"}],"wp:term":[{"taxonomy":"product_brand","embeddable":true,"href":"https:\/\/www.lacavedeslecteurs.com\/index.php\/wp-json\/wp\/v2\/product_brand?post=11085"},{"taxonomy":"product_cat","embeddable":true,"href":"https:\/\/www.lacavedeslecteurs.com\/index.php\/wp-json\/wp\/v2\/product_cat?post=11085"},{"taxonomy":"product_tag","embeddable":true,"href":"https:\/\/www.lacavedeslecteurs.com\/index.php\/wp-json\/wp\/v2\/product_tag?post=11085"}],"curies":[{"name":"wp","href":"https:\/\/api.w.org\/{rel}","templated":true}]}}