{"id":11087,"date":"2025-12-31T12:54:47","date_gmt":"2025-12-31T12:54:47","guid":{"rendered":"https:\/\/www.lacavedeslecteurs.com\/index.php\/product\/confidences-de-prieure-lichine\/"},"modified":"2026-02-13T15:05:54","modified_gmt":"2026-02-13T15:05:54","slug":"confidences-de-prieure-lichine","status":"publish","type":"product","link":"https:\/\/www.lacavedeslecteurs.com\/index.php\/product\/confidences-de-prieure-lichine\/","title":{"rendered":"Confidences de Prieure Lichine - 2019"},"content":{"rendered":"<p>Un vin remarquable selon les critiques. Une attaque \u00e9l\u00e9gante, en douceur, suivie d\u2019une structure velout\u00e9e. Un grand potentiel de garde annonc\u00e9 par la qualit\u00e9 de ses tanins.<\/p>\n","protected":false},"excerpt":{"rendered":"<p>Un vin remarquable selon les critiques. Une attaque \u00e9l\u00e9gante, en douceur, suivie d\u2019une structure velout\u00e9e. Un grand potentiel de garde annonc\u00e9 par la qualit\u00e9 de ses tanins.<\/p>\n","protected":false},"featured_media":16597,"comment_status":"open","ping_status":"closed","template":"","meta":[],"product_brand":[],"product_cat":[20,365,138,27],"product_tag":[],"class_list":{"0":"post-11087","1":"product","2":"type-product","3":"status-publish","4":"has-post-thumbnail","6":"product_cat-bordeaux","7":"product_cat-categorie","8":"product_cat-couleurs","9":"product_cat-rouge","11":"first","12":"instock","13":"sale","14":"taxable","15":"shipping-taxable","16":"purchasable","17":"product-type-simple"},"_links":{"self":[{"href":"https:\/\/www.lacavedeslecteurs.com\/index.php\/wp-json\/wp\/v2\/product\/11087","targetHints":{"allow":["GET"]}}],"collection":[{"href":"https:\/\/www.lacavedeslecteurs.com\/index.php\/wp-json\/wp\/v2\/product"}],"about":[{"href":"https:\/\/www.lacavedeslecteurs.com\/index.php\/wp-json\/wp\/v2\/types\/product"}],"replies":[{"embeddable":true,"href":"https:\/\/www.lacavedeslecteurs.com\/index.php\/wp-json\/wp\/v2\/comments?post=11087"}],"wp:featuredmedia":[{"embeddable":true,"href":"https:\/\/www.lacavedeslecteurs.com\/index.php\/wp-json\/wp\/v2\/media\/16597"}],"wp:attachment":[{"href":"https:\/\/www.lacavedeslecteurs.com\/index.php\/wp-json\/wp\/v2\/media?parent=11087"}],"wp:term":[{"taxonomy":"product_brand","embeddable":true,"href":"https:\/\/www.lacavedeslecteurs.com\/index.php\/wp-json\/wp\/v2\/product_brand?post=11087"},{"taxonomy":"product_cat","embeddable":true,"href":"https:\/\/www.lacavedeslecteurs.com\/index.php\/wp-json\/wp\/v2\/product_cat?post=11087"},{"taxonomy":"product_tag","embeddable":true,"href":"https:\/\/www.lacavedeslecteurs.com\/index.php\/wp-json\/wp\/v2\/product_tag?post=11087"}],"curies":[{"name":"wp","href":"https:\/\/api.w.org\/{rel}","templated":true}]}}