{"id":11099,"date":"2025-12-31T12:54:50","date_gmt":"2025-12-31T12:54:50","guid":{"rendered":"https:\/\/www.lacavedeslecteurs.com\/index.php\/product\/les-fiefs-de-lagrange\/"},"modified":"2026-02-13T15:06:01","modified_gmt":"2026-02-13T15:06:01","slug":"les-fiefs-de-lagrange","status":"publish","type":"product","link":"https:\/\/www.lacavedeslecteurs.com\/index.php\/product\/les-fiefs-de-lagrange\/","title":{"rendered":"Les Fiefs de Lagrange - 2016"},"content":{"rendered":"<p>Le Ch\u00e2teau Lagrange, 3\u00e8me Cru Class\u00e9 depuis 1855, est une r\u00e9f\u00e9rence de l&rsquo;appellation Saint-Julien. Avec son vignoble de 118 hectares d&rsquo;un seul tenant, situ\u00e9 sur des croupes de Graves \u00ab\u00a0Gunziennes\u00a0\u00bb, il produit des vins d&rsquo;une \u00e9l\u00e9gance remarquable. Apr\u00e8s une d\u00e9cennie de maturation, ces vins rivalisent avec les premiers crus class\u00e9s, soulignant la grandeur et la long\u00e9vit\u00e9 de ce domaine embl\u00e9matique.<\/p>\n","protected":false},"excerpt":{"rendered":"<p>Le Ch\u00e2teau Lagrange, 3\u00e8me Cru Class\u00e9 depuis 1855, est une r\u00e9f\u00e9rence de l&rsquo;appellation Saint-Julien. Avec son vignoble de 118 hectares d&rsquo;un seul tenant, situ\u00e9 sur des croupes de Graves \u00ab\u00a0Gunziennes\u00a0\u00bb, il produit des vins d&rsquo;une \u00e9l\u00e9gance remarquable. Apr\u00e8s une d\u00e9cennie de maturation, ces vins rivalisent avec les premiers crus class\u00e9s, soulignant la grandeur et la [&hellip;]<\/p>\n","protected":false},"featured_media":16602,"comment_status":"open","ping_status":"closed","template":"","meta":[],"product_brand":[],"product_cat":[20,365,138,27],"product_tag":[],"class_list":{"0":"post-11099","1":"product","2":"type-product","3":"status-publish","4":"has-post-thumbnail","6":"product_cat-bordeaux","7":"product_cat-categorie","8":"product_cat-couleurs","9":"product_cat-rouge","11":"first","12":"instock","13":"sale","14":"taxable","15":"shipping-taxable","16":"purchasable","17":"product-type-simple"},"_links":{"self":[{"href":"https:\/\/www.lacavedeslecteurs.com\/index.php\/wp-json\/wp\/v2\/product\/11099","targetHints":{"allow":["GET"]}}],"collection":[{"href":"https:\/\/www.lacavedeslecteurs.com\/index.php\/wp-json\/wp\/v2\/product"}],"about":[{"href":"https:\/\/www.lacavedeslecteurs.com\/index.php\/wp-json\/wp\/v2\/types\/product"}],"replies":[{"embeddable":true,"href":"https:\/\/www.lacavedeslecteurs.com\/index.php\/wp-json\/wp\/v2\/comments?post=11099"}],"wp:featuredmedia":[{"embeddable":true,"href":"https:\/\/www.lacavedeslecteurs.com\/index.php\/wp-json\/wp\/v2\/media\/16602"}],"wp:attachment":[{"href":"https:\/\/www.lacavedeslecteurs.com\/index.php\/wp-json\/wp\/v2\/media?parent=11099"}],"wp:term":[{"taxonomy":"product_brand","embeddable":true,"href":"https:\/\/www.lacavedeslecteurs.com\/index.php\/wp-json\/wp\/v2\/product_brand?post=11099"},{"taxonomy":"product_cat","embeddable":true,"href":"https:\/\/www.lacavedeslecteurs.com\/index.php\/wp-json\/wp\/v2\/product_cat?post=11099"},{"taxonomy":"product_tag","embeddable":true,"href":"https:\/\/www.lacavedeslecteurs.com\/index.php\/wp-json\/wp\/v2\/product_tag?post=11099"}],"curies":[{"name":"wp","href":"https:\/\/api.w.org\/{rel}","templated":true}]}}