{"id":11103,"date":"2025-12-31T12:54:51","date_gmt":"2025-12-31T12:54:51","guid":{"rendered":"https:\/\/www.lacavedeslecteurs.com\/index.php\/product\/chateau-la-gaffeliere\/"},"modified":"2026-02-13T15:06:05","modified_gmt":"2026-02-13T15:06:05","slug":"chateau-la-gaffeliere","status":"publish","type":"product","link":"https:\/\/www.lacavedeslecteurs.com\/index.php\/product\/chateau-la-gaffeliere\/","title":{"rendered":"Ch\u00e2teau La Gaffeli\u00e8re - 2019"},"content":{"rendered":"<p>Le vin lib\u00e8re \u00e0 la d\u00e9gustation des ar\u00f4mes intenses de cassis, de cuir et de bois\u00e9. En bouche, il d\u00e9voile une belle concentration avec des tanins longs et fins. La Gaffeli\u00e8re est un tr\u00e8s grand vin dont le terroir se r\u00e9v\u00e8le avec le temps.<\/p>\n","protected":false},"excerpt":{"rendered":"<p>Le vin lib\u00e8re \u00e0 la d\u00e9gustation des ar\u00f4mes intenses de cassis, de cuir et de bois\u00e9. En bouche, il d\u00e9voile une belle concentration avec des tanins longs et fins. La Gaffeli\u00e8re est un tr\u00e8s grand vin dont le terroir se r\u00e9v\u00e8le avec le temps.<\/p>\n","protected":false},"featured_media":16604,"comment_status":"open","ping_status":"closed","template":"","meta":[],"product_brand":[],"product_cat":[20,365,138,27],"product_tag":[],"class_list":{"0":"post-11103","1":"product","2":"type-product","3":"status-publish","4":"has-post-thumbnail","6":"product_cat-bordeaux","7":"product_cat-categorie","8":"product_cat-couleurs","9":"product_cat-rouge","11":"first","12":"instock","13":"sale","14":"taxable","15":"shipping-taxable","16":"purchasable","17":"product-type-simple"},"_links":{"self":[{"href":"https:\/\/www.lacavedeslecteurs.com\/index.php\/wp-json\/wp\/v2\/product\/11103","targetHints":{"allow":["GET"]}}],"collection":[{"href":"https:\/\/www.lacavedeslecteurs.com\/index.php\/wp-json\/wp\/v2\/product"}],"about":[{"href":"https:\/\/www.lacavedeslecteurs.com\/index.php\/wp-json\/wp\/v2\/types\/product"}],"replies":[{"embeddable":true,"href":"https:\/\/www.lacavedeslecteurs.com\/index.php\/wp-json\/wp\/v2\/comments?post=11103"}],"wp:featuredmedia":[{"embeddable":true,"href":"https:\/\/www.lacavedeslecteurs.com\/index.php\/wp-json\/wp\/v2\/media\/16604"}],"wp:attachment":[{"href":"https:\/\/www.lacavedeslecteurs.com\/index.php\/wp-json\/wp\/v2\/media?parent=11103"}],"wp:term":[{"taxonomy":"product_brand","embeddable":true,"href":"https:\/\/www.lacavedeslecteurs.com\/index.php\/wp-json\/wp\/v2\/product_brand?post=11103"},{"taxonomy":"product_cat","embeddable":true,"href":"https:\/\/www.lacavedeslecteurs.com\/index.php\/wp-json\/wp\/v2\/product_cat?post=11103"},{"taxonomy":"product_tag","embeddable":true,"href":"https:\/\/www.lacavedeslecteurs.com\/index.php\/wp-json\/wp\/v2\/product_tag?post=11103"}],"curies":[{"name":"wp","href":"https:\/\/api.w.org\/{rel}","templated":true}]}}