{"id":11115,"date":"2025-12-31T12:54:58","date_gmt":"2025-12-31T12:54:58","guid":{"rendered":"https:\/\/www.lacavedeslecteurs.com\/index.php\/product\/chateau-gloria-en-caisse-bois\/"},"modified":"2026-02-13T15:06:20","modified_gmt":"2026-02-13T15:06:20","slug":"chateau-gloria-en-caisse-bois","status":"publish","type":"product","link":"https:\/\/www.lacavedeslecteurs.com\/index.php\/product\/chateau-gloria-en-caisse-bois\/","title":{"rendered":"Ch\u00e2teau Gloria en caisse-bois - 2019"},"content":{"rendered":"<p>L&rsquo;\u0153uvre d&rsquo;Henri Martin composant parcelles par parcelles autour des Grands Crus Class\u00e9s. Ses gourmandes notes de cassis sont le reflet de ce grand mill\u00e9sime tr\u00e8s sous-estim\u00e9. Un tr\u00e8s beau vin \u00e0 d\u00e9couvrir absolument.<\/p>\n","protected":false},"excerpt":{"rendered":"<p>L&rsquo;\u0153uvre d&rsquo;Henri Martin composant parcelles par parcelles autour des Grands Crus Class\u00e9s. Ses gourmandes notes de cassis sont le reflet de ce grand mill\u00e9sime tr\u00e8s sous-estim\u00e9. Un tr\u00e8s beau vin \u00e0 d\u00e9couvrir absolument.<\/p>\n","protected":false},"featured_media":16610,"comment_status":"open","ping_status":"closed","template":"","meta":[],"product_brand":[],"product_cat":[20,365,138,27],"product_tag":[],"class_list":{"0":"post-11115","1":"product","2":"type-product","3":"status-publish","4":"has-post-thumbnail","6":"product_cat-bordeaux","7":"product_cat-categorie","8":"product_cat-couleurs","9":"product_cat-rouge","11":"first","12":"instock","13":"sale","14":"taxable","15":"shipping-taxable","16":"purchasable","17":"product-type-simple"},"_links":{"self":[{"href":"https:\/\/www.lacavedeslecteurs.com\/index.php\/wp-json\/wp\/v2\/product\/11115","targetHints":{"allow":["GET"]}}],"collection":[{"href":"https:\/\/www.lacavedeslecteurs.com\/index.php\/wp-json\/wp\/v2\/product"}],"about":[{"href":"https:\/\/www.lacavedeslecteurs.com\/index.php\/wp-json\/wp\/v2\/types\/product"}],"replies":[{"embeddable":true,"href":"https:\/\/www.lacavedeslecteurs.com\/index.php\/wp-json\/wp\/v2\/comments?post=11115"}],"wp:featuredmedia":[{"embeddable":true,"href":"https:\/\/www.lacavedeslecteurs.com\/index.php\/wp-json\/wp\/v2\/media\/16610"}],"wp:attachment":[{"href":"https:\/\/www.lacavedeslecteurs.com\/index.php\/wp-json\/wp\/v2\/media?parent=11115"}],"wp:term":[{"taxonomy":"product_brand","embeddable":true,"href":"https:\/\/www.lacavedeslecteurs.com\/index.php\/wp-json\/wp\/v2\/product_brand?post=11115"},{"taxonomy":"product_cat","embeddable":true,"href":"https:\/\/www.lacavedeslecteurs.com\/index.php\/wp-json\/wp\/v2\/product_cat?post=11115"},{"taxonomy":"product_tag","embeddable":true,"href":"https:\/\/www.lacavedeslecteurs.com\/index.php\/wp-json\/wp\/v2\/product_tag?post=11115"}],"curies":[{"name":"wp","href":"https:\/\/api.w.org\/{rel}","templated":true}]}}