{"id":11119,"date":"2025-12-31T12:55:00","date_gmt":"2025-12-31T12:55:00","guid":{"rendered":"https:\/\/www.lacavedeslecteurs.com\/index.php\/product\/chateau-grand-puy-lacoste\/"},"modified":"2026-02-13T15:06:24","modified_gmt":"2026-02-13T15:06:24","slug":"chateau-grand-puy-lacoste","status":"publish","type":"product","link":"https:\/\/www.lacavedeslecteurs.com\/index.php\/product\/chateau-grand-puy-lacoste\/","title":{"rendered":"Ch\u00e2teau Grand Puy Lacoste - 2016"},"content":{"rendered":"<p>C&rsquo;est l\u2019une des plus anciennes propri\u00e9t\u00e9s du M\u00e9doc qui sort depuis peu de l&rsquo;ombre de son illustre voisin (Pontet Canet) et se r\u00e9v\u00e8le en 2014 \u00e0 l&rsquo;image des tr\u00e8s grands Pauillac : nez complexe, serr\u00e9, bouche dense et pr\u00e9cise, des tanins m\u00fbrs, puissants et \u00e9l\u00e9gants.<\/p>\n","protected":false},"excerpt":{"rendered":"<p>C&rsquo;est l\u2019une des plus anciennes propri\u00e9t\u00e9s du M\u00e9doc qui sort depuis peu de l&rsquo;ombre de son illustre voisin (Pontet Canet) et se r\u00e9v\u00e8le en 2014 \u00e0 l&rsquo;image des tr\u00e8s grands Pauillac : nez complexe, serr\u00e9, bouche dense et pr\u00e9cise, des tanins m\u00fbrs, puissants et \u00e9l\u00e9gants.<\/p>\n","protected":false},"featured_media":16612,"comment_status":"open","ping_status":"closed","template":"","meta":[],"product_brand":[],"product_cat":[20,365,138,27],"product_tag":[],"class_list":{"0":"post-11119","1":"product","2":"type-product","3":"status-publish","4":"has-post-thumbnail","6":"product_cat-bordeaux","7":"product_cat-categorie","8":"product_cat-couleurs","9":"product_cat-rouge","11":"first","12":"instock","13":"sale","14":"taxable","15":"shipping-taxable","16":"purchasable","17":"product-type-simple"},"_links":{"self":[{"href":"https:\/\/www.lacavedeslecteurs.com\/index.php\/wp-json\/wp\/v2\/product\/11119","targetHints":{"allow":["GET"]}}],"collection":[{"href":"https:\/\/www.lacavedeslecteurs.com\/index.php\/wp-json\/wp\/v2\/product"}],"about":[{"href":"https:\/\/www.lacavedeslecteurs.com\/index.php\/wp-json\/wp\/v2\/types\/product"}],"replies":[{"embeddable":true,"href":"https:\/\/www.lacavedeslecteurs.com\/index.php\/wp-json\/wp\/v2\/comments?post=11119"}],"wp:featuredmedia":[{"embeddable":true,"href":"https:\/\/www.lacavedeslecteurs.com\/index.php\/wp-json\/wp\/v2\/media\/16612"}],"wp:attachment":[{"href":"https:\/\/www.lacavedeslecteurs.com\/index.php\/wp-json\/wp\/v2\/media?parent=11119"}],"wp:term":[{"taxonomy":"product_brand","embeddable":true,"href":"https:\/\/www.lacavedeslecteurs.com\/index.php\/wp-json\/wp\/v2\/product_brand?post=11119"},{"taxonomy":"product_cat","embeddable":true,"href":"https:\/\/www.lacavedeslecteurs.com\/index.php\/wp-json\/wp\/v2\/product_cat?post=11119"},{"taxonomy":"product_tag","embeddable":true,"href":"https:\/\/www.lacavedeslecteurs.com\/index.php\/wp-json\/wp\/v2\/product_tag?post=11119"}],"curies":[{"name":"wp","href":"https:\/\/api.w.org\/{rel}","templated":true}]}}