{"id":11125,"date":"2025-12-31T12:55:04","date_gmt":"2025-12-31T12:55:04","guid":{"rendered":"https:\/\/www.lacavedeslecteurs.com\/index.php\/product\/heritage-de-chasse-spleen\/"},"modified":"2026-02-13T15:06:29","modified_gmt":"2026-02-13T15:06:29","slug":"heritage-de-chasse-spleen","status":"publish","type":"product","link":"https:\/\/www.lacavedeslecteurs.com\/index.php\/product\/heritage-de-chasse-spleen\/","title":{"rendered":"H\u00e9ritage de Chasse Spleen - 2020"},"content":{"rendered":"<p>L\u2019H\u00e9ritage Chasse-Spleen se r\u00e9v\u00e8le dans une belle robe rouge rubis. Le bouquet est fruit\u00e9. Des ar\u00f4mes vanill\u00e9s se m\u00ealent aux fruits noirs m\u00fbrs. La bouche est puissante et \u00e9quilibr\u00e9e avec des tanins souples.<\/p>\n","protected":false},"excerpt":{"rendered":"<p>L\u2019H\u00e9ritage Chasse-Spleen se r\u00e9v\u00e8le dans une belle robe rouge rubis. Le bouquet est fruit\u00e9. Des ar\u00f4mes vanill\u00e9s se m\u00ealent aux fruits noirs m\u00fbrs. La bouche est puissante et \u00e9quilibr\u00e9e avec des tanins souples.<\/p>\n","protected":false},"featured_media":16615,"comment_status":"open","ping_status":"closed","template":"","meta":[],"product_brand":[],"product_cat":[20,365,138,27],"product_tag":[],"class_list":{"0":"post-11125","1":"product","2":"type-product","3":"status-publish","4":"has-post-thumbnail","6":"product_cat-bordeaux","7":"product_cat-categorie","8":"product_cat-couleurs","9":"product_cat-rouge","11":"first","12":"instock","13":"sale","14":"taxable","15":"shipping-taxable","16":"purchasable","17":"product-type-simple"},"_links":{"self":[{"href":"https:\/\/www.lacavedeslecteurs.com\/index.php\/wp-json\/wp\/v2\/product\/11125","targetHints":{"allow":["GET"]}}],"collection":[{"href":"https:\/\/www.lacavedeslecteurs.com\/index.php\/wp-json\/wp\/v2\/product"}],"about":[{"href":"https:\/\/www.lacavedeslecteurs.com\/index.php\/wp-json\/wp\/v2\/types\/product"}],"replies":[{"embeddable":true,"href":"https:\/\/www.lacavedeslecteurs.com\/index.php\/wp-json\/wp\/v2\/comments?post=11125"}],"wp:featuredmedia":[{"embeddable":true,"href":"https:\/\/www.lacavedeslecteurs.com\/index.php\/wp-json\/wp\/v2\/media\/16615"}],"wp:attachment":[{"href":"https:\/\/www.lacavedeslecteurs.com\/index.php\/wp-json\/wp\/v2\/media?parent=11125"}],"wp:term":[{"taxonomy":"product_brand","embeddable":true,"href":"https:\/\/www.lacavedeslecteurs.com\/index.php\/wp-json\/wp\/v2\/product_brand?post=11125"},{"taxonomy":"product_cat","embeddable":true,"href":"https:\/\/www.lacavedeslecteurs.com\/index.php\/wp-json\/wp\/v2\/product_cat?post=11125"},{"taxonomy":"product_tag","embeddable":true,"href":"https:\/\/www.lacavedeslecteurs.com\/index.php\/wp-json\/wp\/v2\/product_tag?post=11125"}],"curies":[{"name":"wp","href":"https:\/\/api.w.org\/{rel}","templated":true}]}}