{"id":11129,"date":"2025-12-31T12:55:06","date_gmt":"2025-12-31T12:55:06","guid":{"rendered":"https:\/\/www.lacavedeslecteurs.com\/index.php\/product\/chateau-dissan\/"},"modified":"2026-02-13T15:06:33","modified_gmt":"2026-02-13T15:06:33","slug":"chateau-dissan","status":"publish","type":"product","link":"https:\/\/www.lacavedeslecteurs.com\/index.php\/product\/chateau-dissan\/","title":{"rendered":"Ch\u00e2teau d&rsquo;Issan - 2015"},"content":{"rendered":"<p>Dans sa robe d&rsquo;un grenat intense, ce vin se pr\u00e9sente avec \u00e9l\u00e9gance, avant de d\u00e9velopper un bouquet avenant, frais et complexe d&rsquo;\u00e9pices douces, de bois\u00e9 grill\u00e9 et de fruits m\u00fbrs.<\/p>\n","protected":false},"excerpt":{"rendered":"<p>Dans sa robe d&rsquo;un grenat intense, ce vin se pr\u00e9sente avec \u00e9l\u00e9gance, avant de d\u00e9velopper un bouquet avenant, frais et complexe d&rsquo;\u00e9pices douces, de bois\u00e9 grill\u00e9 et de fruits m\u00fbrs.<\/p>\n","protected":false},"featured_media":16617,"comment_status":"open","ping_status":"closed","template":"","meta":[],"product_brand":[],"product_cat":[20,365,138,27],"product_tag":[],"class_list":{"0":"post-11129","1":"product","2":"type-product","3":"status-publish","4":"has-post-thumbnail","6":"product_cat-bordeaux","7":"product_cat-categorie","8":"product_cat-couleurs","9":"product_cat-rouge","11":"first","12":"instock","13":"sale","14":"taxable","15":"shipping-taxable","16":"purchasable","17":"product-type-simple"},"_links":{"self":[{"href":"https:\/\/www.lacavedeslecteurs.com\/index.php\/wp-json\/wp\/v2\/product\/11129","targetHints":{"allow":["GET"]}}],"collection":[{"href":"https:\/\/www.lacavedeslecteurs.com\/index.php\/wp-json\/wp\/v2\/product"}],"about":[{"href":"https:\/\/www.lacavedeslecteurs.com\/index.php\/wp-json\/wp\/v2\/types\/product"}],"replies":[{"embeddable":true,"href":"https:\/\/www.lacavedeslecteurs.com\/index.php\/wp-json\/wp\/v2\/comments?post=11129"}],"wp:featuredmedia":[{"embeddable":true,"href":"https:\/\/www.lacavedeslecteurs.com\/index.php\/wp-json\/wp\/v2\/media\/16617"}],"wp:attachment":[{"href":"https:\/\/www.lacavedeslecteurs.com\/index.php\/wp-json\/wp\/v2\/media?parent=11129"}],"wp:term":[{"taxonomy":"product_brand","embeddable":true,"href":"https:\/\/www.lacavedeslecteurs.com\/index.php\/wp-json\/wp\/v2\/product_brand?post=11129"},{"taxonomy":"product_cat","embeddable":true,"href":"https:\/\/www.lacavedeslecteurs.com\/index.php\/wp-json\/wp\/v2\/product_cat?post=11129"},{"taxonomy":"product_tag","embeddable":true,"href":"https:\/\/www.lacavedeslecteurs.com\/index.php\/wp-json\/wp\/v2\/product_tag?post=11129"}],"curies":[{"name":"wp","href":"https:\/\/api.w.org\/{rel}","templated":true}]}}