{"id":11143,"date":"2025-12-31T12:55:11","date_gmt":"2025-12-31T12:55:11","guid":{"rendered":"https:\/\/www.lacavedeslecteurs.com\/index.php\/product\/chateau-la-lagune\/"},"modified":"2026-02-13T15:06:46","modified_gmt":"2026-02-13T15:06:46","slug":"chateau-la-lagune","status":"publish","type":"product","link":"https:\/\/www.lacavedeslecteurs.com\/index.php\/product\/chateau-la-lagune\/","title":{"rendered":"Ch\u00e2teau La Lagune - 2019"},"content":{"rendered":"<p>Croupes graveleuses vertigineuses synonyme de terroir excellent. L&rsquo;\u0153uvre de Caroline Frey dans les chais. Equilibre, finesse et \u00e9l\u00e9gance !<\/p>\n","protected":false},"excerpt":{"rendered":"<p>Croupes graveleuses vertigineuses synonyme de terroir excellent. L&rsquo;\u0153uvre de Caroline Frey dans les chais. Equilibre, finesse et \u00e9l\u00e9gance !<\/p>\n","protected":false},"featured_media":16624,"comment_status":"open","ping_status":"closed","template":"","meta":[],"product_brand":[],"product_cat":[20,365,138,27],"product_tag":[],"class_list":{"0":"post-11143","1":"product","2":"type-product","3":"status-publish","4":"has-post-thumbnail","6":"product_cat-bordeaux","7":"product_cat-categorie","8":"product_cat-couleurs","9":"product_cat-rouge","11":"first","12":"instock","13":"sale","14":"taxable","15":"shipping-taxable","16":"purchasable","17":"product-type-simple"},"_links":{"self":[{"href":"https:\/\/www.lacavedeslecteurs.com\/index.php\/wp-json\/wp\/v2\/product\/11143","targetHints":{"allow":["GET"]}}],"collection":[{"href":"https:\/\/www.lacavedeslecteurs.com\/index.php\/wp-json\/wp\/v2\/product"}],"about":[{"href":"https:\/\/www.lacavedeslecteurs.com\/index.php\/wp-json\/wp\/v2\/types\/product"}],"replies":[{"embeddable":true,"href":"https:\/\/www.lacavedeslecteurs.com\/index.php\/wp-json\/wp\/v2\/comments?post=11143"}],"wp:featuredmedia":[{"embeddable":true,"href":"https:\/\/www.lacavedeslecteurs.com\/index.php\/wp-json\/wp\/v2\/media\/16624"}],"wp:attachment":[{"href":"https:\/\/www.lacavedeslecteurs.com\/index.php\/wp-json\/wp\/v2\/media?parent=11143"}],"wp:term":[{"taxonomy":"product_brand","embeddable":true,"href":"https:\/\/www.lacavedeslecteurs.com\/index.php\/wp-json\/wp\/v2\/product_brand?post=11143"},{"taxonomy":"product_cat","embeddable":true,"href":"https:\/\/www.lacavedeslecteurs.com\/index.php\/wp-json\/wp\/v2\/product_cat?post=11143"},{"taxonomy":"product_tag","embeddable":true,"href":"https:\/\/www.lacavedeslecteurs.com\/index.php\/wp-json\/wp\/v2\/product_tag?post=11143"}],"curies":[{"name":"wp","href":"https:\/\/api.w.org\/{rel}","templated":true}]}}