{"id":11145,"date":"2025-12-31T12:55:12","date_gmt":"2025-12-31T12:55:12","guid":{"rendered":"https:\/\/www.lacavedeslecteurs.com\/index.php\/product\/la-croix-ducru-beaucaillou\/"},"modified":"2026-02-13T15:06:50","modified_gmt":"2026-02-13T15:06:50","slug":"la-croix-ducru-beaucaillou","status":"publish","type":"product","link":"https:\/\/www.lacavedeslecteurs.com\/index.php\/product\/la-croix-ducru-beaucaillou\/","title":{"rendered":"La Croix Ducru-Beaucaillou - 2019"},"content":{"rendered":"<p>C\u2019est le second vin du Grand Ducru-Beaucaillou, avec un peu de merlot noir et beaucoup de cabernet sauvignon, jusqu\u2019\u00e0 85% sur certains mill\u00e9simes. Un vin puissant, profond, ferme, avec des fleurs et des \u00e9pices. Certains se posent la question de savoir si c\u2019est vraiment un second vin&#8230;<\/p>\n","protected":false},"excerpt":{"rendered":"<p>C\u2019est le second vin du Grand Ducru-Beaucaillou, avec un peu de merlot noir et beaucoup de cabernet sauvignon, jusqu\u2019\u00e0 85% sur certains mill\u00e9simes. Un vin puissant, profond, ferme, avec des fleurs et des \u00e9pices. Certains se posent la question de savoir si c\u2019est vraiment un second vin&#8230;<\/p>\n","protected":false},"featured_media":16625,"comment_status":"open","ping_status":"closed","template":"","meta":[],"product_brand":[],"product_cat":[20,365,138,27],"product_tag":[],"class_list":{"0":"post-11145","1":"product","2":"type-product","3":"status-publish","4":"has-post-thumbnail","6":"product_cat-bordeaux","7":"product_cat-categorie","8":"product_cat-couleurs","9":"product_cat-rouge","11":"first","12":"instock","13":"sale","14":"taxable","15":"shipping-taxable","16":"purchasable","17":"product-type-simple"},"_links":{"self":[{"href":"https:\/\/www.lacavedeslecteurs.com\/index.php\/wp-json\/wp\/v2\/product\/11145","targetHints":{"allow":["GET"]}}],"collection":[{"href":"https:\/\/www.lacavedeslecteurs.com\/index.php\/wp-json\/wp\/v2\/product"}],"about":[{"href":"https:\/\/www.lacavedeslecteurs.com\/index.php\/wp-json\/wp\/v2\/types\/product"}],"replies":[{"embeddable":true,"href":"https:\/\/www.lacavedeslecteurs.com\/index.php\/wp-json\/wp\/v2\/comments?post=11145"}],"wp:featuredmedia":[{"embeddable":true,"href":"https:\/\/www.lacavedeslecteurs.com\/index.php\/wp-json\/wp\/v2\/media\/16625"}],"wp:attachment":[{"href":"https:\/\/www.lacavedeslecteurs.com\/index.php\/wp-json\/wp\/v2\/media?parent=11145"}],"wp:term":[{"taxonomy":"product_brand","embeddable":true,"href":"https:\/\/www.lacavedeslecteurs.com\/index.php\/wp-json\/wp\/v2\/product_brand?post=11145"},{"taxonomy":"product_cat","embeddable":true,"href":"https:\/\/www.lacavedeslecteurs.com\/index.php\/wp-json\/wp\/v2\/product_cat?post=11145"},{"taxonomy":"product_tag","embeddable":true,"href":"https:\/\/www.lacavedeslecteurs.com\/index.php\/wp-json\/wp\/v2\/product_tag?post=11145"}],"curies":[{"name":"wp","href":"https:\/\/api.w.org\/{rel}","templated":true}]}}