{"id":11149,"date":"2025-12-31T12:55:15","date_gmt":"2025-12-31T12:55:15","guid":{"rendered":"https:\/\/www.lacavedeslecteurs.com\/index.php\/product\/chateau-leoville-poyferre\/"},"modified":"2026-02-13T15:06:55","modified_gmt":"2026-02-13T15:06:55","slug":"chateau-leoville-poyferre","status":"publish","type":"product","link":"https:\/\/www.lacavedeslecteurs.com\/index.php\/product\/chateau-leoville-poyferre\/","title":{"rendered":"Ch\u00e2teau L\u00e9oville Poyferr\u00e9 - 2018"},"content":{"rendered":"<p>De la texture autour d&rsquo;un fruit juteux, qui impr\u00e8gne le palais. Se go\u00fbte bien aujourd&rsquo;hui sur cette expression m\u00fbre, \u00e9quilibr\u00e9e et ses tanins bien fondus. Au niveau de son rang !<\/p>\n","protected":false},"excerpt":{"rendered":"<p>De la texture autour d&rsquo;un fruit juteux, qui impr\u00e8gne le palais. Se go\u00fbte bien aujourd&rsquo;hui sur cette expression m\u00fbre, \u00e9quilibr\u00e9e et ses tanins bien fondus. Au niveau de son rang !<\/p>\n","protected":false},"featured_media":16627,"comment_status":"open","ping_status":"closed","template":"","meta":[],"product_brand":[],"product_cat":[20,365,138,27],"product_tag":[],"class_list":{"0":"post-11149","1":"product","2":"type-product","3":"status-publish","4":"has-post-thumbnail","6":"product_cat-bordeaux","7":"product_cat-categorie","8":"product_cat-couleurs","9":"product_cat-rouge","11":"first","12":"instock","13":"sale","14":"taxable","15":"shipping-taxable","16":"purchasable","17":"product-type-simple"},"_links":{"self":[{"href":"https:\/\/www.lacavedeslecteurs.com\/index.php\/wp-json\/wp\/v2\/product\/11149","targetHints":{"allow":["GET"]}}],"collection":[{"href":"https:\/\/www.lacavedeslecteurs.com\/index.php\/wp-json\/wp\/v2\/product"}],"about":[{"href":"https:\/\/www.lacavedeslecteurs.com\/index.php\/wp-json\/wp\/v2\/types\/product"}],"replies":[{"embeddable":true,"href":"https:\/\/www.lacavedeslecteurs.com\/index.php\/wp-json\/wp\/v2\/comments?post=11149"}],"wp:featuredmedia":[{"embeddable":true,"href":"https:\/\/www.lacavedeslecteurs.com\/index.php\/wp-json\/wp\/v2\/media\/16627"}],"wp:attachment":[{"href":"https:\/\/www.lacavedeslecteurs.com\/index.php\/wp-json\/wp\/v2\/media?parent=11149"}],"wp:term":[{"taxonomy":"product_brand","embeddable":true,"href":"https:\/\/www.lacavedeslecteurs.com\/index.php\/wp-json\/wp\/v2\/product_brand?post=11149"},{"taxonomy":"product_cat","embeddable":true,"href":"https:\/\/www.lacavedeslecteurs.com\/index.php\/wp-json\/wp\/v2\/product_cat?post=11149"},{"taxonomy":"product_tag","embeddable":true,"href":"https:\/\/www.lacavedeslecteurs.com\/index.php\/wp-json\/wp\/v2\/product_tag?post=11149"}],"curies":[{"name":"wp","href":"https:\/\/api.w.org\/{rel}","templated":true}]}}