{"id":11151,"date":"2025-12-31T12:55:18","date_gmt":"2025-12-31T12:55:18","guid":{"rendered":"https:\/\/www.lacavedeslecteurs.com\/index.php\/product\/chateau-la-fleur-de-bouard\/"},"modified":"2026-02-13T15:06:58","modified_gmt":"2026-02-13T15:06:58","slug":"chateau-la-fleur-de-bouard","status":"publish","type":"product","link":"https:\/\/www.lacavedeslecteurs.com\/index.php\/product\/chateau-la-fleur-de-bouard\/","title":{"rendered":"Ch\u00e2teau La Fleur de Bo\u00fcard - 2011"},"content":{"rendered":"<p>Ch\u00e2teau La Fleur de Bo\u00fcard est la p\u00e9pite de la famille De Bo\u00fcard \u00e0 Lalande-de-Pomerol. Le vin jouit de l\u2019excellence technique apport\u00e9e par l\u2019\u00e9quipe de ch\u00e2teau Ang\u00e9lus. En r\u00e9sulte une puret\u00e9 de fruit absolue qui sublime ce magnifique terroir argilo-siliceux sur graves : harmonie, digestibilit\u00e9, capacit\u00e9 de garde.<\/p>\n","protected":false},"excerpt":{"rendered":"<p>Ch\u00e2teau La Fleur de Bo\u00fcard est la p\u00e9pite de la famille De Bo\u00fcard \u00e0 Lalande-de-Pomerol. Le vin jouit de l\u2019excellence technique apport\u00e9e par l\u2019\u00e9quipe de ch\u00e2teau Ang\u00e9lus. En r\u00e9sulte une puret\u00e9 de fruit absolue qui sublime ce magnifique terroir argilo-siliceux sur graves : harmonie, digestibilit\u00e9, capacit\u00e9 de garde.<\/p>\n","protected":false},"featured_media":16628,"comment_status":"open","ping_status":"closed","template":"","meta":[],"product_brand":[],"product_cat":[20,365,138,27],"product_tag":[],"class_list":{"0":"post-11151","1":"product","2":"type-product","3":"status-publish","4":"has-post-thumbnail","6":"product_cat-bordeaux","7":"product_cat-categorie","8":"product_cat-couleurs","9":"product_cat-rouge","11":"first","12":"instock","13":"sale","14":"taxable","15":"shipping-taxable","16":"purchasable","17":"product-type-simple"},"_links":{"self":[{"href":"https:\/\/www.lacavedeslecteurs.com\/index.php\/wp-json\/wp\/v2\/product\/11151","targetHints":{"allow":["GET"]}}],"collection":[{"href":"https:\/\/www.lacavedeslecteurs.com\/index.php\/wp-json\/wp\/v2\/product"}],"about":[{"href":"https:\/\/www.lacavedeslecteurs.com\/index.php\/wp-json\/wp\/v2\/types\/product"}],"replies":[{"embeddable":true,"href":"https:\/\/www.lacavedeslecteurs.com\/index.php\/wp-json\/wp\/v2\/comments?post=11151"}],"wp:featuredmedia":[{"embeddable":true,"href":"https:\/\/www.lacavedeslecteurs.com\/index.php\/wp-json\/wp\/v2\/media\/16628"}],"wp:attachment":[{"href":"https:\/\/www.lacavedeslecteurs.com\/index.php\/wp-json\/wp\/v2\/media?parent=11151"}],"wp:term":[{"taxonomy":"product_brand","embeddable":true,"href":"https:\/\/www.lacavedeslecteurs.com\/index.php\/wp-json\/wp\/v2\/product_brand?post=11151"},{"taxonomy":"product_cat","embeddable":true,"href":"https:\/\/www.lacavedeslecteurs.com\/index.php\/wp-json\/wp\/v2\/product_cat?post=11151"},{"taxonomy":"product_tag","embeddable":true,"href":"https:\/\/www.lacavedeslecteurs.com\/index.php\/wp-json\/wp\/v2\/product_tag?post=11151"}],"curies":[{"name":"wp","href":"https:\/\/api.w.org\/{rel}","templated":true}]}}