{"id":11153,"date":"2025-12-31T12:55:20","date_gmt":"2025-12-31T12:55:20","guid":{"rendered":"https:\/\/www.lacavedeslecteurs.com\/index.php\/product\/chateau-la-fleur-petrus\/"},"modified":"2026-02-13T15:07:02","modified_gmt":"2026-02-13T15:07:02","slug":"chateau-la-fleur-petrus","status":"publish","type":"product","link":"https:\/\/www.lacavedeslecteurs.com\/index.php\/product\/chateau-la-fleur-petrus\/","title":{"rendered":"Ch\u00e2teau La Fleur-Petrus - 2015"},"content":{"rendered":"<p>Domaine mitoyen \u00e0 P\u00e9trus et Ch\u00e2teau Lafleur. \u00ab\u00a0Elanc\u00e9 et rac\u00e9\u00a0\u00bb Guide Hachette. L&rsquo;exp\u00e9rience reconnue des Moueix dans les grands Pomerol.<\/p>\n","protected":false},"excerpt":{"rendered":"<p>Domaine mitoyen \u00e0 P\u00e9trus et Ch\u00e2teau Lafleur. \u00ab\u00a0Elanc\u00e9 et rac\u00e9\u00a0\u00bb Guide Hachette. L&rsquo;exp\u00e9rience reconnue des Moueix dans les grands Pomerol.<\/p>\n","protected":false},"featured_media":16629,"comment_status":"open","ping_status":"closed","template":"","meta":[],"product_brand":[],"product_cat":[20,365,138,27],"product_tag":[],"class_list":{"0":"post-11153","1":"product","2":"type-product","3":"status-publish","4":"has-post-thumbnail","6":"product_cat-bordeaux","7":"product_cat-categorie","8":"product_cat-couleurs","9":"product_cat-rouge","11":"first","12":"instock","13":"sale","14":"taxable","15":"shipping-taxable","16":"purchasable","17":"product-type-simple"},"_links":{"self":[{"href":"https:\/\/www.lacavedeslecteurs.com\/index.php\/wp-json\/wp\/v2\/product\/11153","targetHints":{"allow":["GET"]}}],"collection":[{"href":"https:\/\/www.lacavedeslecteurs.com\/index.php\/wp-json\/wp\/v2\/product"}],"about":[{"href":"https:\/\/www.lacavedeslecteurs.com\/index.php\/wp-json\/wp\/v2\/types\/product"}],"replies":[{"embeddable":true,"href":"https:\/\/www.lacavedeslecteurs.com\/index.php\/wp-json\/wp\/v2\/comments?post=11153"}],"wp:featuredmedia":[{"embeddable":true,"href":"https:\/\/www.lacavedeslecteurs.com\/index.php\/wp-json\/wp\/v2\/media\/16629"}],"wp:attachment":[{"href":"https:\/\/www.lacavedeslecteurs.com\/index.php\/wp-json\/wp\/v2\/media?parent=11153"}],"wp:term":[{"taxonomy":"product_brand","embeddable":true,"href":"https:\/\/www.lacavedeslecteurs.com\/index.php\/wp-json\/wp\/v2\/product_brand?post=11153"},{"taxonomy":"product_cat","embeddable":true,"href":"https:\/\/www.lacavedeslecteurs.com\/index.php\/wp-json\/wp\/v2\/product_cat?post=11153"},{"taxonomy":"product_tag","embeddable":true,"href":"https:\/\/www.lacavedeslecteurs.com\/index.php\/wp-json\/wp\/v2\/product_tag?post=11153"}],"curies":[{"name":"wp","href":"https:\/\/api.w.org\/{rel}","templated":true}]}}